{"id":747,"date":"2016-03-31T11:41:35","date_gmt":"2016-03-31T11:41:35","guid":{"rendered":"http:\/\/schooltime.aislinthemes.com\/?page_id=747"},"modified":"2024-03-27T14:41:26","modified_gmt":"2024-03-27T17:41:26","slug":"pastoral","status":"publish","type":"page","link":"http:\/\/www.laprovidenciarecoleta.cl\/inicio\/escuela-info\/pastoral\/","title":{"rendered":"Pastoral"},"content":{"rendered":"<p>[vc_row][vc_column][vc_column_text]Nuestra Comunidad Educativa\u00a0 es un\u00a0 lugar de encuentro y acogida, que procura el crecimiento personal y comunitario de todos quienes la conforman. Estudiantes, padres, profesores, personal asistente de la educaci\u00f3n, relacionados entre s\u00ed tienden al logro de una formaci\u00f3n integral en un ambiente de fe y cultura.<\/p>\n<p>La espiritualidad Providencia busca primeramente dar testimonio convencido y convincente de vivir y proclamar una actitud de confianza y abandono en el amor infinito que Dios tiene a sus hijos.<\/p>\n<p>&nbsp;<\/p>\n<p>ACTIVIDADES SOLIDARIAS Y PASTORALES<\/p>\n<p>Dentro de las actividades que realiza la Escuela hacia la comunidad, podemos decir que siempre ha estado la motivaci\u00f3n por mejorar y aportar a nuestra sociedad. La escuela hace aportes de alimentos no perecibles al hogar de ancianas San Jos\u00e9 y les acompa\u00f1a con actividades recreativas realizadas por los estudiantes. Adem\u00e1s realiza donaciones a distintas organizaciones.<br \/>\nParticipamos de celebraciones lit\u00fargicas y actividades de formaci\u00f3n, tales como retiros,jornadas espirituales, catequesis sacramental y\u00a0 actividades solidarias.[\/vc_column_text][\/vc_column][\/vc_row][vc_row][vc_column][vc_column_text]Nuestro Equipo de Pastoral 2024<\/p>\n<p>&nbsp;<\/p>\n<p>Lorena\u00a0 Gonz\u00e1lez, Encargada de Pastoral, profesora de Religi\u00f3n primer\u00a0 ciclo<\/p>\n<p>Profesor\u00a0 de Religi\u00f3n de segundo ciclo[\/vc_column_text][\/vc_column][\/vc_row][vc_row][vc_column][vc_column_text]<\/p>\n<h3><span style=\"color: #000000;\">Acciones pastorales\u00a0<\/span><\/h3>\n<p><a href=\"http:\/\/www.laprovidenciarecoleta.cl\/inicio\/wp-content\/uploads\/2024\/03\/Ramos.jpg\"><img loading=\"lazy\" decoding=\"async\" class=\"aligncenter size-large wp-image-14868\" src=\"http:\/\/www.laprovidenciarecoleta.cl\/inicio\/wp-content\/uploads\/2024\/03\/Ramos-1024x768.jpg\" alt=\"\" width=\"1024\" height=\"768\" srcset=\"http:\/\/www.laprovidenciarecoleta.cl\/inicio\/wp-content\/uploads\/2024\/03\/Ramos-1024x768.jpg 1024w, http:\/\/www.laprovidenciarecoleta.cl\/inicio\/wp-content\/uploads\/2024\/03\/Ramos-300x225.jpg 300w, http:\/\/www.laprovidenciarecoleta.cl\/inicio\/wp-content\/uploads\/2024\/03\/Ramos.jpg 1600w\" sizes=\"(max-width: 1024px) 100vw, 1024px\" \/><\/a><\/p>\n<p><a href=\"http:\/\/www.laprovidenciarecoleta.cl\/inicio\/wp-content\/uploads\/2024\/03\/Misa-SJ24-11-scaled.jpg\"><img loading=\"lazy\" decoding=\"async\" class=\"aligncenter size-large wp-image-14848\" src=\"http:\/\/www.laprovidenciarecoleta.cl\/inicio\/wp-content\/uploads\/2024\/03\/Misa-SJ24-11-scaled-1024x576.jpg\" alt=\"\" width=\"1024\" height=\"576\" srcset=\"http:\/\/www.laprovidenciarecoleta.cl\/inicio\/wp-content\/uploads\/2024\/03\/Misa-SJ24-11-scaled-1024x576.jpg 1024w, http:\/\/www.laprovidenciarecoleta.cl\/inicio\/wp-content\/uploads\/2024\/03\/Misa-SJ24-11-scaled-300x169.jpg 300w\" sizes=\"(max-width: 1024px) 100vw, 1024px\" \/><\/a>[\/vc_column_text][vc_images_carousel images=&#8221;14353,14354,14355,14356,14357,14358,14359,14360,14361,14362,14363,14364,14365,14366,14367,14368,14369,14370,14371,14372,14373,14374,14375,14376,14377,14378,14379,14380,14381,14382,14383,14384,14385&#8243; img_size=&#8221;full&#8221; speed=&#8221;3000&#8243; autoplay=&#8221;yes&#8221; title=&#8221;Semana Santa 2023&#8243;][\/vc_column][\/vc_row][vc_row][vc_column][vc_column_text]<\/p>\n<h3><span style=\"color: #000000;\">Acciones pastorales 2022<\/span><\/h3>\n<p>[\/vc_column_text][vc_images_carousel images=&#8221;14202,14203,14204,14205,14206,14207,14208,14210,14211,14212,14213&#8243; img_size=&#8221;full&#8221; speed=&#8221;3000&#8243; autoplay=&#8221;yes&#8221; wrap=&#8221;yes&#8221; title=&#8221;Primeras Comuniones -diciembre 2022&#8243;][vc_video link=&#8221;https:\/\/youtu.be\/8aG-J_m5Aes&#8221; title=&#8221;Eucaristia conmemoraci\u00f3n onom\u00e1stico de madre Bernarda Morin &#8211; Celebraci\u00f3n mes de la Providencia&#8221;][vc_video link=&#8221;https:\/\/youtu.be\/QblHvexEnT8&#8243; title=&#8221;Eucarist\u00eda conmemoraci\u00f3n llegada de madre Bernarda Morin y las primeras religiosas de la Providencia a Chile&#8221;][vc_gallery interval=&#8221;5&#8243; images=&#8221;13757,13758,13759,13760,13761,13762,13763,13764,13765,13766,13767,13768,13769,13770,13771,13772,13773,13774,13775&#8243; img_size=&#8221;large&#8221; title=&#8221;Semana Santa&#8221;][vc_gallery interval=&#8221;5&#8243; images=&#8221;13742,13744,13745,13746,13749,13747,13748,13743&#8243; img_size=&#8221;large&#8221; title=&#8221;Bendici\u00f3n de Fachada Escuela San Jos\u00e9&#8221;][vc_gallery interval=&#8221;5&#8243; images=&#8221;13673,13672,13671,13670,13669,13667,13666&#8243; img_size=&#8221;large&#8221; title=&#8221;Campa\u00f1a solidaria para el comedor Emilia Gamelin&#8221;][vc_gallery type=&#8221;flexslider_slide&#8221; interval=&#8221;5&#8243; images=&#8221;13716,13717,13718,13719,13720,13721&#8243; img_size=&#8221;large&#8221; title=&#8221;Acto de consagraci\u00f3n de Ucrania y Rusia al Coraz\u00f3n Inmaculado de Mar\u00eda.&#8221;][vc_video link=&#8221;https:\/\/youtu.be\/DAJ1sI0rA3A&#8221; align=&#8221;center&#8221; title=&#8221;Eucarist\u00eda inicio de a\u00f1o escolar y solemnidad de San Jos\u00e9 2022&#8243;][vc_gallery interval=&#8221;5&#8243; images=&#8221;13703,13704,13705,13706,13707,13708,13709,13710,13711,13712,13713&#8243; img_size=&#8221;large&#8221;][\/vc_column][\/vc_row][vc_row][vc_column][vc_column_text]<\/p>\n<p style=\"text-align: center;\"><strong>Inicio de Cuaresma\u00a0 2022<\/strong><\/p>\n<p><img loading=\"lazy\" decoding=\"async\" class=\"alignnone size-large wp-image-13640\" src=\"http:\/\/www.laprovidenciarecoleta.cl\/inicio\/wp-content\/uploads\/2022\/03\/Inicio-de-Cuaresma-con-primer-ciclo-scaled-1024x768.jpg\" alt=\"\" width=\"1024\" height=\"768\" srcset=\"http:\/\/www.laprovidenciarecoleta.cl\/inicio\/wp-content\/uploads\/2022\/03\/Inicio-de-Cuaresma-con-primer-ciclo-scaled-1024x768.jpg 1024w, http:\/\/www.laprovidenciarecoleta.cl\/inicio\/wp-content\/uploads\/2022\/03\/Inicio-de-Cuaresma-con-primer-ciclo-scaled-300x225.jpg 300w\" sizes=\"(max-width: 1024px) 100vw, 1024px\" \/><img loading=\"lazy\" decoding=\"async\" class=\"alignnone size-large wp-image-13641\" src=\"http:\/\/www.laprovidenciarecoleta.cl\/inicio\/wp-content\/uploads\/2022\/03\/Inicio-de-Cuaresma-con-segundo-ciclo-scaled-1024x768.jpg\" alt=\"\" width=\"1024\" height=\"768\" srcset=\"http:\/\/www.laprovidenciarecoleta.cl\/inicio\/wp-content\/uploads\/2022\/03\/Inicio-de-Cuaresma-con-segundo-ciclo-scaled-1024x768.jpg 1024w, http:\/\/www.laprovidenciarecoleta.cl\/inicio\/wp-content\/uploads\/2022\/03\/Inicio-de-Cuaresma-con-segundo-ciclo-scaled-300x225.jpg 300w\" sizes=\"(max-width: 1024px) 100vw, 1024px\" \/><\/p>\n<p>Inicio de campa\u00f1a Cuaresma de Fraternidad[\/vc_column_text][\/vc_column][\/vc_row][vc_row][vc_column][vc_separator][vc_gallery type=&#8221;image_grid&#8221; images=&#8221;13159,13158,12251,12064,9500,12625,4311,4308,2997,2790,2636,2391&#8243; img_size=&#8221;medium&#8221;][\/vc_column][\/vc_row][vc_row][vc_column][\/vc_column][\/vc_row]<\/p>\n","protected":false},"excerpt":{"rendered":"<p>[vc_row][vc_column][vc_column_text]Nuestra Comunidad Educativa\u00a0 es un\u00a0 lugar de encuentro y acogida, que procura el crecimiento personal y comunitario de todos quienes la conforman. Estudiantes, padres, profesores, personal asistente de la educaci\u00f3n, relacionados entre s\u00ed tienden al logro de una formaci\u00f3n integral en un ambiente de fe y cultura. La espiritualidad Providencia busca primeramente dar testimonio convencido y convincente de vivir y&nbsp;<a href=\"http:\/\/www.laprovidenciarecoleta.cl\/inicio\/escuela-info\/pastoral\/\">&hellip;<\/a><\/p>\n","protected":false},"author":2,"featured_media":0,"parent":584,"menu_order":7,"comment_status":"closed","ping_status":"closed","template":"template-sidebar-left-childpages.php","meta":{"footnotes":""},"_links":{"self":[{"href":"http:\/\/www.laprovidenciarecoleta.cl\/inicio\/wp-json\/wp\/v2\/pages\/747"}],"collection":[{"href":"http:\/\/www.laprovidenciarecoleta.cl\/inicio\/wp-json\/wp\/v2\/pages"}],"about":[{"href":"http:\/\/www.laprovidenciarecoleta.cl\/inicio\/wp-json\/wp\/v2\/types\/page"}],"author":[{"embeddable":true,"href":"http:\/\/www.laprovidenciarecoleta.cl\/inicio\/wp-json\/wp\/v2\/users\/2"}],"replies":[{"embeddable":true,"href":"http:\/\/www.laprovidenciarecoleta.cl\/inicio\/wp-json\/wp\/v2\/comments?post=747"}],"version-history":[{"count":67,"href":"http:\/\/www.laprovidenciarecoleta.cl\/inicio\/wp-json\/wp\/v2\/pages\/747\/revisions"}],"predecessor-version":[{"id":14869,"href":"http:\/\/www.laprovidenciarecoleta.cl\/inicio\/wp-json\/wp\/v2\/pages\/747\/revisions\/14869"}],"up":[{"embeddable":true,"href":"http:\/\/www.laprovidenciarecoleta.cl\/inicio\/wp-json\/wp\/v2\/pages\/584"}],"wp:attachment":[{"href":"http:\/\/www.laprovidenciarecoleta.cl\/inicio\/wp-json\/wp\/v2\/media?parent=747"}],"curies":[{"name":"wp","href":"https:\/\/api.w.org\/{rel}","templated":true}]}}