{"id":700,"date":"2016-03-31T10:56:08","date_gmt":"2016-03-31T10:56:08","guid":{"rendered":"http:\/\/schooltime.aislinthemes.com\/?page_id=700"},"modified":"2026-03-30T16:39:46","modified_gmt":"2026-03-30T19:39:46","slug":"documentos","status":"publish","type":"page","link":"http:\/\/www.laprovidenciarecoleta.cl\/inicio\/escuela-info\/documentos\/","title":{"rendered":"Documentos"},"content":{"rendered":"<p>[vc_row][vc_column css=&#8221;.vc_custom_1459848263527{margin-bottom: 0px !important;}&#8221;][vc_single_image image=&#8221;14274&#8243; img_size=&#8221;medium&#8221; alignment=&#8221;center&#8221; onclick=&#8221;custom_link&#8221; img_link_target=&#8221;_blank&#8221; link=&#8221;http:\/\/www.laprovidenciarecoleta.cl\/inicio\/wp-content\/uploads\/2023\/03\/P-E-P.pdf&#8221;]\t\t<div class=\"wh-content-box vc_custom_1512679314747  scp_content_box-af394dcc9ff8570fa539d27fe0b7cc81\">\n\t\t\t\t\t\t\t\t\t\t\t\t[vc_custom_heading text=&#8221;Proyecto Educativo Providencia 2022-2026&#8243; font_container=&#8221;tag:h4|text_align:left&#8221; use_theme_fonts=&#8221;yes&#8221; css=&#8221;.vc_custom_1688267680429{margin-top: 10px !important;}&#8221; link=&#8221;url:http%3A%2F%2Fwww.laprovidenciarecoleta.cl%2Finicio%2Fwp-content%2Fuploads%2F2023%2F03%2FP-E-P.pdf|title:Proyecto%20Educativo%20Providencia|target:_blank&#8221;][vc_column_text][\/vc_column_text]<a href=\"http:\/\/www.laprovidenciarecoleta.cl\/inicio\/wp-content\/uploads\/2023\/03\/P-E-P.pdf\" class=\"wh-button  scp_theme_button-2912517751b4fc93e78d884f393ce254\" target=\"_blank\">Descargar<\/a>\t\t<\/div>\n\t\t[vc_single_image image=&#8221;14440&#8243; img_size=&#8221;medium&#8221; alignment=&#8221;center&#8221; onclick=&#8221;custom_link&#8221; img_link_target=&#8221;_blank&#8221; css=&#8221;.vc_custom_1685459026307{margin-bottom: 0px !important;}&#8221; link=&#8221;http:\/\/www.laprovidenciarecoleta.cl\/inicio\/wp-content\/uploads\/2023\/05\/PEI-San-Jose-de-Recoleta.pdf&#8221;]\t\t<div class=\"wh-content-box vc_custom_1512679314747  scp_content_box-af394dcc9ff8570fa539d27fe0b7cc81\">\n\t\t\t\t\t\t\t\t\t\t\t\t[vc_custom_heading text=&#8221;Proyecto Educativo Institucional 2023-2026&#8243; font_container=&#8221;tag:h4|text_align:left&#8221; use_theme_fonts=&#8221;yes&#8221; css=&#8221;.vc_custom_1685459334792{margin-top: 10px !important;}&#8221; link=&#8221;url:http%3A%2F%2Fwww.laprovidenciarecoleta.cl%2Finicio%2Fwp-content%2Fuploads%2F2023%2F05%2FPEI-San-Jose-de-Recoleta.pdf|target:_blank&#8221;][vc_column_text][\/vc_column_text]<a href=\"http:\/\/www.laprovidenciarecoleta.cl\/inicio\/wp-content\/uploads\/2023\/05\/PEI-San-Jose-de-Recoleta.pdf\" class=\"wh-button  scp_theme_button-9881db2ee54f7cd015c7d8c278c4ad45\" target=\"_blank\">Descargar<\/a>\t\t<\/div>\n\t\t[\/vc_column][\/vc_row][vc_row gap=&#8221;25&#8243;][vc_column width=&#8221;1\/2&#8243;][vc_separator color=&#8221;custom&#8221; border_width=&#8221;2&#8243; accent_color=&#8221;#ad1925&#8243; css=&#8221;.vc_custom_1513187130471{margin-bottom: 0px !important;}&#8221;][vc_single_image image=&#8221;3961&#8243; img_size=&#8221;full&#8221; css=&#8221;.vc_custom_1631296541595{margin-bottom: 0px !important;}&#8221;]\t\t<div class=\"wh-content-box vc_custom_1513189494164  scp_content_box-c092b5448d2946e5e5ff93c4bedc7d27\">\n\t\t\t\t\t\t\t\t\t\t\t\t[vc_custom_heading text=&#8221;Cuentas P\u00fablicas&#8221; font_container=&#8221;tag:h4|text_align:left&#8221; use_theme_fonts=&#8221;yes&#8221; css=&#8221;.vc_custom_1512595328635{margin-top: 10px !important;}&#8221;][vc_column_text css=&#8221;.vc_custom_1774899583964{margin-bottom: 20px !important;}&#8221;]<\/p>\n<ul>\n<li><a href=\"http:\/\/www.laprovidenciarecoleta.cl\/inicio\/wp-content\/uploads\/2026\/03\/Cuenta-publica-2026-gestion-2025.pdf\" target=\"_blank\" rel=\"noopener\">Cuenta p\u00fablica 2026, gesti\u00f3n a\u00f1o 2025<\/a><\/li>\n<li><a href=\"http:\/\/www.laprovidenciarecoleta.cl\/inicio\/wp-content\/uploads\/2025\/03\/Cuenta-Publica-2025-Gestion-2024.pdf\" target=\"_blank\" rel=\"noopener\">Cuenta P\u00fablica 2025,\u00a0 gesti\u00f3n a\u00f1o 2024<\/a><\/li>\n<li><a href=\"http:\/\/www.laprovidenciarecoleta.cl\/inicio\/wp-content\/uploads\/2024\/03\/Cuenta-Publica-2024-Final-1.pdf\" target=\"_blank\" rel=\"noopener\">Cuenta P\u00fablica 2024, gesti\u00f3n a\u00f1o 2023<\/a><\/li>\n<li><a href=\"http:\/\/www.laprovidenciarecoleta.cl\/inicio\/wp-content\/uploads\/2023\/03\/Cuenta-Publica-20232022.pdf\" target=\"_blank\" rel=\"noopener\">Cuenta P\u00fablica 2023, gesti\u00f3n a\u00f1o 2022<\/a><\/li>\n<li><a href=\"http:\/\/www.laprovidenciarecoleta.cl\/inicio\/wp-content\/uploads\/2022\/03\/Cuenta-Publica-20222021.pdf\" target=\"_blank\" rel=\"noopener\">Cuenta P\u00fablica 2022, gesti\u00f3n a\u00f1o 2021<\/a><\/li>\n<li><a href=\"http:\/\/www.laprovidenciarecoleta.cl\/inicio\/wp-content\/uploads\/2021\/09\/Cuenta-Publica-2020-2021.pdf\" target=\"_blank\" rel=\"noopener\">Cuenta p\u00fablica\u00a0 2021, gesti\u00f3n a\u00f1o 2020<\/a><\/li>\n<li><a href=\"http:\/\/www.laprovidenciarecoleta.cl\/inicio\/wp-content\/uploads\/2021\/09\/Cuenta-Publica-2019-2020.pdf\" target=\"_blank\" rel=\"noopener\">Cuenta p\u00fablica 2020, gesti\u00f3n a\u00f1o 2019<\/a><\/li>\n<li><a href=\"http:\/\/www.laprovidenciarecoleta.cl\/inicio\/wp-content\/uploads\/2021\/09\/Cuenta-Publica-2018-2019.pdf\" target=\"_blank\" rel=\"noopener\">Cuenta p\u00fablica 2019, gesti\u00f3n a\u00f1o 2018<\/a><\/li>\n<\/ul>\n<p>[\/vc_column_text]\t\t<\/div>\n\t\t[\/vc_column][vc_column width=&#8221;1\/2&#8243;][vc_separator color=&#8221;custom&#8221; border_width=&#8221;2&#8243; accent_color=&#8221;#ad1925&#8243; css=&#8221;.vc_custom_1513187082261{margin-bottom: 0px !important;}&#8221;][vc_single_image image=&#8221;3970&#8243; img_size=&#8221;full&#8221; css=&#8221;.vc_custom_1631296553542{margin-bottom: 0px !important;}&#8221;]\t\t<div class=\"wh-content-box vc_custom_1513189074800  scp_content_box-c091ecdd768f892093b6533d08a6f968\">\n\t\t\t\t\t\t\t\t\t\t\t\t[vc_custom_heading text=&#8221;Reglamentos&#8221; font_container=&#8221;tag:h4|text_align:left&#8221; use_theme_fonts=&#8221;yes&#8221; css=&#8221;.vc_custom_1512594064585{margin-top: 10px !important;}&#8221;][vc_column_text css=&#8221;.vc_custom_1749155008293{margin-bottom: 20px !important;}&#8221;]<\/p>\n<ul>\n<li><a href=\"http:\/\/www.laprovidenciarecoleta.cl\/inicio\/wp-content\/uploads\/2025\/06\/RICE-Escuela-San-Jose-2025.pdf\" target=\"_blank\" rel=\"noopener\">Reglamento Interno y de Convivencia Escolar RICE 2025<\/a><\/li>\n<li><a href=\"http:\/\/www.laprovidenciarecoleta.cl\/inicio\/wp-content\/uploads\/2025\/04\/Reglamento-de-Evaluacion-y-Promocionactualizacion-2025.pdf\" target=\"_blank\" rel=\"noopener\">Reglamento de Evaluaci\u00f3n y Promoci\u00f3n<\/a><\/li>\n<\/ul>\n<p>[\/vc_column_text]\t\t<\/div>\n\t\t[\/vc_column][\/vc_row][vc_row gap=&#8221;25&#8243;][vc_column width=&#8221;1\/2&#8243;][vc_separator color=&#8221;custom&#8221; border_width=&#8221;2&#8243; accent_color=&#8221;#ad1925&#8243; css=&#8221;.vc_custom_1513187120692{margin-bottom: 0px !important;}&#8221;][vc_single_image image=&#8221;3972&#8243; img_size=&#8221;full&#8221; css=&#8221;.vc_custom_1631296562874{margin-bottom: 0px !important;}&#8221;]\t\t<div class=\"wh-content-box vc_custom_1513189280422  scp_content_box-92396718162e309563e913f9074ccb13\">\n\t\t\t\t\t\t\t\t\t\t\t\t[vc_custom_heading text=&#8221;Planes y protocolos&#8221; font_container=&#8221;tag:h4|text_align:left&#8221; use_theme_fonts=&#8221;yes&#8221; css=&#8221;.vc_custom_1578509607752{margin-top: 10px !important;}&#8221;][vc_column_text css=&#8221;.vc_custom_1724289318801{margin-bottom: 20px !important;}&#8221;]<\/p>\n<ul>\n<li><a href=\"http:\/\/www.laprovidenciarecoleta.cl\/inicio\/wp-content\/uploads\/2022\/11\/Plan-de-vida-saludable.pdf\" target=\"_blank\" rel=\"noopener\">Plan de Vida Saludable 2022-2023<\/a><\/li>\n<li><a href=\"http:\/\/www.laprovidenciarecoleta.cl\/inicio\/wp-content\/uploads\/2023\/03\/Plan-de-gestion-Convivencia-Escolar-2023-actualizado.pdf\" target=\"_blank\" rel=\"noopener\">Plan de gesti\u00f3n Convivencia Escolar 2023 <\/a><\/li>\n<li><a href=\"http:\/\/www.laprovidenciarecoleta.cl\/escuela\/wp-content\/uploads\/2019\/03\/Protocolo-ante-Abuso-Sexual.pdf\" target=\"_blank\" rel=\"noopener noreferrer\">Protocolo ante Abuso Sexual<\/a><\/li>\n<li><a href=\"http:\/\/www.laprovidenciarecoleta.cl\/escuela\/wp-content\/uploads\/2019\/03\/Protocolo-ante-Accidentes-Escolares-y-Seguro-Escolar.pdf\" target=\"_blank\" rel=\"noopener noreferrer\">Protocolo ante Accidentes Escolares y Seguro Escolar<\/a><\/li>\n<li><a href=\"http:\/\/www.laprovidenciarecoleta.cl\/escuela\/wp-content\/uploads\/2019\/03\/Protocolo-ante-Agresiones-en-Contexto-Escolar-y-Familiar.pdf\" target=\"_blank\" rel=\"noopener noreferrer\">Protocolo ante Agresiones en Contexto Escolar y Familiar<\/a><\/li>\n<li><a href=\"http:\/\/www.laprovidenciarecoleta.cl\/escuela\/wp-content\/uploads\/2019\/03\/Protocolo-ante-Bullying.pdf\" target=\"_blank\" rel=\"noopener noreferrer\">Protocolo ante Bullying<\/a><\/li>\n<li><a href=\"http:\/\/www.laprovidenciarecoleta.cl\/escuela\/wp-content\/uploads\/2019\/03\/Protocolo-ante-Embarazo-Maternidad-y-Paternidad.pdf\" target=\"_blank\" rel=\"noopener noreferrer\">Protocolo ante Embarazo, Maternidad y Paternidad<\/a><\/li>\n<li><a href=\"http:\/\/www.laprovidenciarecoleta.cl\/escuela\/wp-content\/uploads\/2019\/03\/Protocolo-ante-Situaciones-de-Drogas-y-Alcohol.pdf\" target=\"_blank\" rel=\"noopener noreferrer\">Protocolo ante Situaciones de Drogas y Alcohol<\/a><\/li>\n<li><a href=\"http:\/\/www.laprovidenciarecoleta.cl\/escuela\/wp-content\/uploads\/2019\/03\/Protocolo-de-Seguridad-para-entrada-y-permanencia-de-visitas.pdf\" target=\"_blank\" rel=\"noopener noreferrer\">Protocolo de Seguridad para entrada y permanencia de visitas<\/a><\/li>\n<li><a href=\"http:\/\/www.laprovidenciarecoleta.cl\/escuela\/wp-content\/uploads\/2019\/03\/Protocolo-ante-Salidas-Pedag%C3%B3gicas.pdf\" target=\"_blank\" rel=\"noopener noreferrer\">Protocolo ante Salidas Pedag\u00f3gicas<\/a><\/li>\n<li><a href=\"http:\/\/www.laprovidenciarecoleta.cl\/escuela\/wp-content\/uploads\/2019\/03\/Protocolo-ante-atrasos-al-inicio-de-la-jornada-escolar.pdf\" target=\"_blank\" rel=\"noopener noreferrer\">Protocolo ante atrasos al inicio de la jornada escolar<\/a><\/li>\n<li><a href=\"http:\/\/www.laprovidenciarecoleta.cl\/escuela\/2018\/12\/19\/licenciatura-de-octavos-anos-con-emocion-despedimos-a-la-generacion-2018\/\" target=\"_blank\" rel=\"noopener noreferrer\">Protocolo para uso de Biblioteca Escolar<\/a><\/li>\n<li><a href=\"http:\/\/www.laprovidenciarecoleta.cl\/escuela\/wp-content\/uploads\/2019\/03\/Protocolo-para-Estudiantes-en-Pr%C3%A1ctica-Profesional.pdf\" target=\"_blank\" rel=\"noopener noreferrer\">Protocolo para Estudiantes en Pr\u00e1ctica Profesional<\/a><\/li>\n<li><a href=\"http:\/\/www.laprovidenciarecoleta.cl\/inicio\/wp-content\/uploads\/2023\/03\/Protocolo-de-medidas-sanitarias-y-vigencia-epidemiologica-1.pdf\" target=\"_blank\" rel=\"noopener\">Protocolo de medidas sanitarias y vigencia epidemiol\u00f3gica 2023<\/a><\/li>\n<li><a href=\"http:\/\/www.laprovidenciarecoleta.cl\/inicio\/wp-content\/uploads\/2024\/08\/PROTOCOLO-FRENTE-A-SITUACIONES-DE-DESREGULACION-EMOCIONAL-Y-CONDUCTUAL.pdf\" target=\"_blank\" rel=\"noopener\">PROTOCOLO FRENTE A SITUACIONES DE DESREGULACI\u00d3N EMOCIONAL Y CONDUCTUAL<\/a><\/li>\n<\/ul>\n<p>[\/vc_column_text]\t\t<\/div>\n\t\t[\/vc_column][vc_column width=&#8221;1\/2&#8243;][vc_separator color=&#8221;custom&#8221; border_width=&#8221;2&#8243; accent_color=&#8221;#ad1925&#8243; css=&#8221;.vc_custom_1513187120692{margin-bottom: 0px !important;}&#8221;][vc_single_image image=&#8221;3974&#8243; img_size=&#8221;full&#8221; css=&#8221;.vc_custom_1631296656479{margin-bottom: 0px !important;}&#8221;]\t\t<div class=\"wh-content-box vc_custom_1532545419805  scp_content_box-5445e9dfbcd106a3853cd166ecbb75aa\">\n\t\t\t\t\t\t\t\t\t\t\t\t[vc_custom_heading text=&#8221;LISTAS DE \u00daTILES ESCOLARES Y LIBROS DE LECTURA MENSUAL A\u00d1O 2026&#8243; font_container=&#8221;tag:h4|text_align:left&#8221; use_theme_fonts=&#8221;yes&#8221; css=&#8221;.vc_custom_1767093484574{margin-top: 10px !important;}&#8221;][vc_column_text]<strong>Listas de \u00fatiles y libros de lectura mensual para el a\u00f1o 2026.<\/strong><\/p>\n<ul>\n<li><a href=\"https:\/\/drive.google.com\/drive\/folders\/1Pqfngw6PZx63yv9NLb_SgytW8iKwUA0p?usp=sharing\" target=\"_blank\" rel=\"noopener\">Acceso a carpeta Drive listas de \u00fatiles 2026 .<\/a><\/li>\n<\/ul>\n<p>[\/vc_column_text]\t\t<\/div>\n\t\t[\/vc_column][\/vc_row]<\/p>\n","protected":false},"excerpt":{"rendered":"<p>[vc_row][vc_column css=&#8221;.vc_custom_1459848263527{margin-bottom: 0px !important;}&#8221;][vc_single_image image=&#8221;14274&#8243; img_size=&#8221;medium&#8221; alignment=&#8221;center&#8221; onclick=&#8221;custom_link&#8221; img_link_target=&#8221;_blank&#8221; link=&#8221;http:\/\/www.laprovidenciarecoleta.cl\/inicio\/wp-content\/uploads\/2023\/03\/P-E-P.pdf&#8221;][vc_single_image image=&#8221;14440&#8243; img_size=&#8221;medium&#8221; alignment=&#8221;center&#8221; onclick=&#8221;custom_link&#8221; img_link_target=&#8221;_blank&#8221; css=&#8221;.vc_custom_1685459026307{margin-bottom: 0px !important;}&#8221; link=&#8221;http:\/\/www.laprovidenciarecoleta.cl\/inicio\/wp-content\/uploads\/2023\/05\/PEI-San-Jose-de-Recoleta.pdf&#8221;][\/vc_column][\/vc_row][vc_row gap=&#8221;25&#8243;][vc_column width=&#8221;1\/2&#8243;][vc_separator color=&#8221;custom&#8221; border_width=&#8221;2&#8243; accent_color=&#8221;#ad1925&#8243; css=&#8221;.vc_custom_1513187130471{margin-bottom: 0px !important;}&#8221;][vc_single_image image=&#8221;3961&#8243; img_size=&#8221;full&#8221; css=&#8221;.vc_custom_1631296541595{margin-bottom: 0px !important;}&#8221;][\/vc_column][vc_column width=&#8221;1\/2&#8243;][vc_separator color=&#8221;custom&#8221; border_width=&#8221;2&#8243; accent_color=&#8221;#ad1925&#8243; css=&#8221;.vc_custom_1513187082261{margin-bottom: 0px !important;}&#8221;][vc_single_image image=&#8221;3970&#8243; img_size=&#8221;full&#8221; css=&#8221;.vc_custom_1631296553542{margin-bottom: 0px !important;}&#8221;][\/vc_column][\/vc_row][vc_row gap=&#8221;25&#8243;][vc_column width=&#8221;1\/2&#8243;][vc_separator color=&#8221;custom&#8221; border_width=&#8221;2&#8243; accent_color=&#8221;#ad1925&#8243; css=&#8221;.vc_custom_1513187120692{margin-bottom: 0px !important;}&#8221;][vc_single_image image=&#8221;3972&#8243; img_size=&#8221;full&#8221; css=&#8221;.vc_custom_1631296562874{margin-bottom: 0px !important;}&#8221;][\/vc_column][vc_column width=&#8221;1\/2&#8243;][vc_separator color=&#8221;custom&#8221; border_width=&#8221;2&#8243;&nbsp;<a href=\"http:\/\/www.laprovidenciarecoleta.cl\/inicio\/escuela-info\/documentos\/\">&hellip;<\/a><\/p>\n","protected":false},"author":2,"featured_media":0,"parent":584,"menu_order":3,"comment_status":"closed","ping_status":"closed","template":"template-sidebar-left-childpages.php","meta":{"footnotes":""},"_links":{"self":[{"href":"http:\/\/www.laprovidenciarecoleta.cl\/inicio\/wp-json\/wp\/v2\/pages\/700"}],"collection":[{"href":"http:\/\/www.laprovidenciarecoleta.cl\/inicio\/wp-json\/wp\/v2\/pages"}],"about":[{"href":"http:\/\/www.laprovidenciarecoleta.cl\/inicio\/wp-json\/wp\/v2\/types\/page"}],"author":[{"embeddable":true,"href":"http:\/\/www.laprovidenciarecoleta.cl\/inicio\/wp-json\/wp\/v2\/users\/2"}],"replies":[{"embeddable":true,"href":"http:\/\/www.laprovidenciarecoleta.cl\/inicio\/wp-json\/wp\/v2\/comments?post=700"}],"version-history":[{"count":139,"href":"http:\/\/www.laprovidenciarecoleta.cl\/inicio\/wp-json\/wp\/v2\/pages\/700\/revisions"}],"predecessor-version":[{"id":16267,"href":"http:\/\/www.laprovidenciarecoleta.cl\/inicio\/wp-json\/wp\/v2\/pages\/700\/revisions\/16267"}],"up":[{"embeddable":true,"href":"http:\/\/www.laprovidenciarecoleta.cl\/inicio\/wp-json\/wp\/v2\/pages\/584"}],"wp:attachment":[{"href":"http:\/\/www.laprovidenciarecoleta.cl\/inicio\/wp-json\/wp\/v2\/media?parent=700"}],"curies":[{"name":"wp","href":"https:\/\/api.w.org\/{rel}","templated":true}]}}