{"id":647,"date":"2016-03-31T09:11:30","date_gmt":"2016-03-31T09:11:30","guid":{"rendered":"http:\/\/schooltime.aislinthemes.com\/?page_id=647"},"modified":"2026-01-12T19:21:36","modified_gmt":"2026-01-12T22:21:36","slug":"mision-y-vision","status":"publish","type":"page","link":"http:\/\/www.laprovidenciarecoleta.cl\/inicio\/escuela-info\/mision-y-vision\/","title":{"rendered":"Misi\u00f3n y Visi\u00f3n"},"content":{"rendered":"<p>[vc_row][vc_column width=&#8221;1\/2&#8243;][vc_single_image image=&#8221;2850&#8243; img_size=&#8221;full&#8221; css=&#8221;.vc_custom_1578076647482{margin-bottom: 25px !important;}&#8221;][vc_custom_heading text=&#8221;Nuestra Misi\u00f3n&#8221; font_container=&#8221;tag:h4|text_align:left&#8221; use_theme_fonts=&#8221;yes&#8221;][vc_column_text css=&#8221;.vc_custom_1768256434081{padding-right: 20px !important;}&#8221;]La Escuela Particular San Jos\u00e9 potencia las competencias de sus estudiantes, en un contexto de aprendizaje, responsabilidad con el desarrollo sostenible, cuidado del medio ambiente, confianza y respeto que motiva la participaci\u00f3n de todos los miembros de la comunidad educativa. Proyectamos el Sello Providencia en nuestros ni\u00f1os sobre la base de una formaci\u00f3n cat\u00f3lica, con aprendizajes de calidad, h\u00e1bitos y valores que les permita superar los desaf\u00edos y continuar sus estudios, siempre confiados en el amor infinito de Dios Padre Providente y de Mar\u00eda Madre de Dolores.[\/vc_column_text][\/vc_column][vc_column width=&#8221;1\/2&#8243; css=&#8221;.vc_custom_1459416622945{margin-bottom: 30px !important;}&#8221;][vc_single_image image=&#8221;2852&#8243; img_size=&#8221;full&#8221; css=&#8221;.vc_custom_1578076672467{margin-bottom: 25px !important;}&#8221;][vc_custom_heading text=&#8221;Nuestra Visi\u00f3n&#8221; font_container=&#8221;tag:h4|text_align:left&#8221; use_theme_fonts=&#8221;yes&#8221;][vc_column_text css=&#8221;.vc_custom_1768256488126{padding-right: 20px !important;}&#8221;]Aspiramos a ser una escuela cat\u00f3lica de excelencia, perteneciente a la Red Educacional Providencia, que entregue a nuestros estudiantes una formaci\u00f3n<br \/>\nintegral pluridimensional donde prima el desarrollo de una educaci\u00f3n ambiental, a trav\u00e9s del trabajo diario en formaci\u00f3n de valores, h\u00e1bitos y conocimientos.<br \/>\nBrindando la oportunidad de crecer en un ambiente rico en experiencias que contribuyan a su superaci\u00f3n personal, para que sean personas que aporten a la construcci\u00f3n de una sociedad fraterna y consecuente con la naturaleza.[\/vc_column_text][\/vc_column][\/vc_row][vc_row][vc_column width=&#8221;1\/2&#8243;][vc_single_image image=&#8221;3886&#8243; img_size=&#8221;full&#8221; css=&#8221;.vc_custom_1578076800479{margin-bottom: 25px !important;}&#8221;][\/vc_column][vc_column width=&#8221;1\/2&#8243;][vc_custom_heading text=&#8221;Conoce m\u00e1s de nuestro proyecto educativo:&#8221; font_container=&#8221;tag:h4|text_align:left&#8221; use_theme_fonts=&#8221;yes&#8221;][vc_column_text css=&#8221;.vc_custom_1578923578039{padding-right: 20px !important;}&#8221;]<\/p>\n<ul>\n<li class=\"entry-title\"><a href=\"http:\/\/www.laprovidenciarecoleta.cl\/inicio\/escuela-info\/mision-y-vision\/nuestros-principios-y-valores\/\">Nuestros Principios y Valores<\/a><\/li>\n<li>\n<p class=\"entry-title\"><a href=\"http:\/\/www.laprovidenciarecoleta.cl\/inicio\/escuela-info\/mision-y-vision\/nuestros-sellos\/\">Nuestros Sellos<\/a><\/p>\n<\/li>\n<li>\n<p class=\"entry-title\"><a href=\"http:\/\/www.laprovidenciarecoleta.cl\/inicio\/escuela-info\/mision-y-vision\/perfil-del-estudiante\/\">Perfil de nuestros estudiantes<\/a><\/p>\n<\/li>\n<\/ul>\n<p>[\/vc_column_text][\/vc_column][\/vc_row][vc_row][vc_column][vc_video link=&#8221;https:\/\/youtu.be\/GmpJlx07unI&#8221;][\/vc_column][\/vc_row][vc_row][vc_column][vc_video link=&#8221;https:\/\/youtu.be\/3pPsVSnld5k&#8221;][\/vc_column][\/vc_row]<\/p>\n","protected":false},"excerpt":{"rendered":"<p>[vc_row][vc_column width=&#8221;1\/2&#8243;][vc_single_image image=&#8221;2850&#8243; img_size=&#8221;full&#8221; css=&#8221;.vc_custom_1578076647482{margin-bottom: 25px !important;}&#8221;][vc_custom_heading text=&#8221;Nuestra Misi\u00f3n&#8221; font_container=&#8221;tag:h4|text_align:left&#8221; use_theme_fonts=&#8221;yes&#8221;][vc_column_text css=&#8221;.vc_custom_1768256434081{padding-right: 20px !important;}&#8221;]La Escuela Particular San Jos\u00e9 potencia las competencias de sus estudiantes, en un contexto de aprendizaje, responsabilidad con el desarrollo sostenible, cuidado del medio ambiente, confianza y respeto que motiva la participaci\u00f3n de todos los miembros de la comunidad educativa. Proyectamos el Sello Providencia en nuestros ni\u00f1os&nbsp;<a href=\"http:\/\/www.laprovidenciarecoleta.cl\/inicio\/escuela-info\/mision-y-vision\/\">&hellip;<\/a><\/p>\n","protected":false},"author":2,"featured_media":0,"parent":584,"menu_order":2,"comment_status":"closed","ping_status":"closed","template":"template-sidebar-left-childpages.php","meta":{"footnotes":""},"_links":{"self":[{"href":"http:\/\/www.laprovidenciarecoleta.cl\/inicio\/wp-json\/wp\/v2\/pages\/647"}],"collection":[{"href":"http:\/\/www.laprovidenciarecoleta.cl\/inicio\/wp-json\/wp\/v2\/pages"}],"about":[{"href":"http:\/\/www.laprovidenciarecoleta.cl\/inicio\/wp-json\/wp\/v2\/types\/page"}],"author":[{"embeddable":true,"href":"http:\/\/www.laprovidenciarecoleta.cl\/inicio\/wp-json\/wp\/v2\/users\/2"}],"replies":[{"embeddable":true,"href":"http:\/\/www.laprovidenciarecoleta.cl\/inicio\/wp-json\/wp\/v2\/comments?post=647"}],"version-history":[{"count":28,"href":"http:\/\/www.laprovidenciarecoleta.cl\/inicio\/wp-json\/wp\/v2\/pages\/647\/revisions"}],"predecessor-version":[{"id":16206,"href":"http:\/\/www.laprovidenciarecoleta.cl\/inicio\/wp-json\/wp\/v2\/pages\/647\/revisions\/16206"}],"up":[{"embeddable":true,"href":"http:\/\/www.laprovidenciarecoleta.cl\/inicio\/wp-json\/wp\/v2\/pages\/584"}],"wp:attachment":[{"href":"http:\/\/www.laprovidenciarecoleta.cl\/inicio\/wp-json\/wp\/v2\/media?parent=647"}],"curies":[{"name":"wp","href":"https:\/\/api.w.org\/{rel}","templated":true}]}}