{"id":4282,"date":"2020-01-13T10:51:54","date_gmt":"2020-01-13T13:51:54","guid":{"rendered":"http:\/\/www.laprovidenciarecoleta.cl\/inicio\/?page_id=4282"},"modified":"2020-01-13T10:52:28","modified_gmt":"2020-01-13T13:52:28","slug":"perfil-del-estudiante","status":"publish","type":"page","link":"http:\/\/www.laprovidenciarecoleta.cl\/inicio\/escuela-info\/mision-y-vision\/perfil-del-estudiante\/","title":{"rendered":"Perfil del Estudiante"},"content":{"rendered":"<p>[vc_row][vc_column][vc_column_text]Estudiantes con s\u00f3lidos valores adquiridos de la religi\u00f3n Cat\u00f3lica sustentados en un actuar que pone en pr\u00e1ctica el amor compasivo a ejemplo de Mar\u00eda nuestra Madre de Dolores, humildes, caritativos, sencillos, alegres, solidarios, honestos, sensibles ante el dolor, respetuosos y leales. Practicando vivazmente las actividades que los invite a descubrir a Dios Providente en su vida, siendo d\u00f3cil y abiertos a la voz del Esp\u00edritu y dej\u00e1ndose moldear por \u00c9L.<\/p>\n<p>Personas afectivas que contribuyan a mejorar y cuidar el medio que los rodea con actitudes positivas. Estudiantes que aman su escuela, la valoran, se sienten orgullosos y pertenecientes a la comunidad educativa, y con convicci\u00f3n lo agradecen esforz\u00e1ndose d\u00eda a d\u00eda por mejorar, teniendo h\u00e1bitos de estudio y constancia en sus deberes escolares los que les permitir\u00e1 acceder a una educaci\u00f3n media en concordancia con sus deseos y proyecciones.<\/p>\n<p>Estudiantes que se preocupan por desarrollar sus capacidades f\u00edsicas, entendidas estas como actividades art\u00edsticas y deportivas potenciando sus habilidades y talentos. Junto con sus capacidades cognitivas: el pensamiento cr\u00edtico, anal\u00edtico, l\u00f3gico y reflexivo. Valoran la excelencia y se esfuerzan por desarrollar al m\u00e1ximo su potencial, que luego pondr\u00e1n en manifiesto en su comunidad y fuera de ella en los procesos de socializaci\u00f3n, instancias que le permiten relacionarse de forma efectiva en el mundo social actual y los prepara para adaptarse a futuros cambios.[\/vc_column_text][\/vc_column][\/vc_row]<\/p>\n","protected":false},"excerpt":{"rendered":"<p>[vc_row][vc_column][vc_column_text]Estudiantes con s\u00f3lidos valores adquiridos de la religi\u00f3n Cat\u00f3lica sustentados en un actuar que pone en pr\u00e1ctica el amor compasivo a ejemplo de Mar\u00eda nuestra Madre de Dolores, humildes, caritativos, sencillos, alegres, solidarios, honestos, sensibles ante el dolor, respetuosos y leales. Practicando vivazmente las actividades que los invite a descubrir a Dios Providente en su vida, siendo d\u00f3cil y abiertos&nbsp;<a href=\"http:\/\/www.laprovidenciarecoleta.cl\/inicio\/escuela-info\/mision-y-vision\/perfil-del-estudiante\/\">&hellip;<\/a><\/p>\n","protected":false},"author":2,"featured_media":0,"parent":647,"menu_order":3,"comment_status":"closed","ping_status":"closed","template":"template-sidebar-left-childpages.php","meta":{"footnotes":""},"_links":{"self":[{"href":"http:\/\/www.laprovidenciarecoleta.cl\/inicio\/wp-json\/wp\/v2\/pages\/4282"}],"collection":[{"href":"http:\/\/www.laprovidenciarecoleta.cl\/inicio\/wp-json\/wp\/v2\/pages"}],"about":[{"href":"http:\/\/www.laprovidenciarecoleta.cl\/inicio\/wp-json\/wp\/v2\/types\/page"}],"author":[{"embeddable":true,"href":"http:\/\/www.laprovidenciarecoleta.cl\/inicio\/wp-json\/wp\/v2\/users\/2"}],"replies":[{"embeddable":true,"href":"http:\/\/www.laprovidenciarecoleta.cl\/inicio\/wp-json\/wp\/v2\/comments?post=4282"}],"version-history":[{"count":1,"href":"http:\/\/www.laprovidenciarecoleta.cl\/inicio\/wp-json\/wp\/v2\/pages\/4282\/revisions"}],"predecessor-version":[{"id":4287,"href":"http:\/\/www.laprovidenciarecoleta.cl\/inicio\/wp-json\/wp\/v2\/pages\/4282\/revisions\/4287"}],"up":[{"embeddable":true,"href":"http:\/\/www.laprovidenciarecoleta.cl\/inicio\/wp-json\/wp\/v2\/pages\/647"}],"wp:attachment":[{"href":"http:\/\/www.laprovidenciarecoleta.cl\/inicio\/wp-json\/wp\/v2\/media?parent=4282"}],"curies":[{"name":"wp","href":"https:\/\/api.w.org\/{rel}","templated":true}]}}