{"id":4277,"date":"2020-01-13T10:41:46","date_gmt":"2020-01-13T13:41:46","guid":{"rendered":"http:\/\/www.laprovidenciarecoleta.cl\/inicio\/?page_id=4277"},"modified":"2020-01-13T10:41:46","modified_gmt":"2020-01-13T13:41:46","slug":"nuestros-principios-y-valores","status":"publish","type":"page","link":"http:\/\/www.laprovidenciarecoleta.cl\/inicio\/escuela-info\/mision-y-vision\/nuestros-principios-y-valores\/","title":{"rendered":"Nuestros Principios y Valores"},"content":{"rendered":"<p>[vc_row][vc_column][vc_column_text]<\/p>\n<h3>Declaraci\u00f3n de Principios<\/h3>\n<p>Nuestra Escuela San Jos\u00e9 pertenece a la Fundaci\u00f3n Educacional Providencia de las Hermanas de la Providencia y, como tal, es fiel reflejo de los Sellos Congregacionales: Humildad, Simplicidad, y Caridad.<\/p>\n<p>En consideraci\u00f3n, estos son nuestros principios:<\/p>\n<p>La Escuela San Jos\u00e9, es una Escuela Confesional Cat\u00f3lica, por lo tanto en nuestra aulas educamos en la Fe. Anunciamos el evangelio a todos los miembros de la comunidad educativa, a trav\u00e9s de actividades pastorales que atraviesan transversalmente todo nuestro quehacer. Sin perjuicio de esto, estamos abiertos a la incorporaci\u00f3n de miembros de otras creencias a cualquiera de sus estamentos, siendo la \u00fanica condici\u00f3n para ello, el respeto por todas las manifestaciones de Fe que ac\u00e1 se viven.<\/p>\n<p>Nuestra escuela est\u00e1 comprometida con la educaci\u00f3n de calidad, por ello sus docentes son profesionales id\u00f3neos que planifican oportunamente sus clases, incorporando en ellas estrategias de aprendizajes efectivas para los estudiantes. En este aspecto tambi\u00e9n se considera de vital importancia el seguimiento a los estudiantes que presentan alg\u00fan tipo de dificultad para lograr los aprendizajes, manteniendo siempre una acci\u00f3n coordinada con las docentes que hacen apoyo pedag\u00f3gico y tambi\u00e9n una permanente comunicaci\u00f3n con el apoderado, para ayudar y permitir que todos los estudiantes avancen.<\/p>\n<p>La Escuela San Jos\u00e9 est\u00e1 abierta a todos los miembros de la comunidad, sin importar su condici\u00f3n econ\u00f3mica, social, religiosa, cultural o \u00e9tnica.<\/p>\n<p>Trabajamos en un ambiente protegido y agradable, donde priman el respeto y la cordialidad entre todos los miembros de la comunidad.<\/p>\n<h3>Nuestros Valores<\/h3>\n<p>La Escuela San Jos\u00e9 promueve una formaci\u00f3n val\u00f3rica integral, inspirada en los Sellos Congregacionales haci\u00e9ndolos vida a trav\u00e9s de:<\/p>\n<h4>Respeto<\/h4>\n<p>La Escuela San Jos\u00e9 promueve el respeto a s\u00ed mismo y entre los distintos actores de su comunidad, realiza acciones pedag\u00f3gicas y recreativas centradas en el buen trato; a fin de que nuestros estudiantes y sus familias sean capaces de adecuarse a los contextos donde se desenvuelven y sean promotores de una sana convivencia.<\/p>\n<h4>Solidaridad<\/h4>\n<p>La Escuela San Jos\u00e9 promueve y alienta las acciones individuales o colectivas de colaboraci\u00f3n y ayuda entre los integrantes de su comunidad educativa permaneciendo atento a las necesidades del pr\u00f3jimo .<\/p>\n<h4>Esfuerzo<\/h4>\n<p>La Escuela San Jos\u00e9 promueve el esp\u00edritu de superaci\u00f3n y perseverancia en todos los integrantes de su comunidad educativa para que sean capaces de enfrentar las dificultades y lograr sus metas.[\/vc_column_text][\/vc_column][\/vc_row]<\/p>\n","protected":false},"excerpt":{"rendered":"<p>[vc_row][vc_column][vc_column_text] Declaraci\u00f3n de Principios Nuestra Escuela San Jos\u00e9 pertenece a la Fundaci\u00f3n Educacional Providencia de las Hermanas de la Providencia y, como tal, es fiel reflejo de los Sellos Congregacionales: Humildad, Simplicidad, y Caridad. En consideraci\u00f3n, estos son nuestros principios: La Escuela San Jos\u00e9, es una Escuela Confesional Cat\u00f3lica, por lo tanto en nuestra aulas educamos en la Fe. Anunciamos&nbsp;<a href=\"http:\/\/www.laprovidenciarecoleta.cl\/inicio\/escuela-info\/mision-y-vision\/nuestros-principios-y-valores\/\">&hellip;<\/a><\/p>\n","protected":false},"author":2,"featured_media":0,"parent":647,"menu_order":1,"comment_status":"closed","ping_status":"closed","template":"template-sidebar-left-childpages.php","meta":{"footnotes":""},"_links":{"self":[{"href":"http:\/\/www.laprovidenciarecoleta.cl\/inicio\/wp-json\/wp\/v2\/pages\/4277"}],"collection":[{"href":"http:\/\/www.laprovidenciarecoleta.cl\/inicio\/wp-json\/wp\/v2\/pages"}],"about":[{"href":"http:\/\/www.laprovidenciarecoleta.cl\/inicio\/wp-json\/wp\/v2\/types\/page"}],"author":[{"embeddable":true,"href":"http:\/\/www.laprovidenciarecoleta.cl\/inicio\/wp-json\/wp\/v2\/users\/2"}],"replies":[{"embeddable":true,"href":"http:\/\/www.laprovidenciarecoleta.cl\/inicio\/wp-json\/wp\/v2\/comments?post=4277"}],"version-history":[{"count":1,"href":"http:\/\/www.laprovidenciarecoleta.cl\/inicio\/wp-json\/wp\/v2\/pages\/4277\/revisions"}],"predecessor-version":[{"id":4278,"href":"http:\/\/www.laprovidenciarecoleta.cl\/inicio\/wp-json\/wp\/v2\/pages\/4277\/revisions\/4278"}],"up":[{"embeddable":true,"href":"http:\/\/www.laprovidenciarecoleta.cl\/inicio\/wp-json\/wp\/v2\/pages\/647"}],"wp:attachment":[{"href":"http:\/\/www.laprovidenciarecoleta.cl\/inicio\/wp-json\/wp\/v2\/media?parent=4277"}],"curies":[{"name":"wp","href":"https:\/\/api.w.org\/{rel}","templated":true}]}}