{"id":3998,"date":"2020-01-03T16:41:49","date_gmt":"2020-01-03T19:41:49","guid":{"rendered":"http:\/\/www.laprovidenciarecoleta.cl\/inicio\/?page_id=3998"},"modified":"2026-03-12T09:21:38","modified_gmt":"2026-03-12T12:21:38","slug":"docentes-y-asistentes-de-la-educacion","status":"publish","type":"page","link":"http:\/\/www.laprovidenciarecoleta.cl\/inicio\/escuela-info\/estamentos\/docentes-y-asistentes-de-la-educacion\/","title":{"rendered":"Docentes y Asistentes de la Educaci\u00f3n"},"content":{"rendered":"<p>[vc_row][vc_column][vc_single_image image=&#8221;15565&#8243; img_size=&#8221;full&#8221;][\/vc_column][\/vc_row][vc_row][vc_column][vc_column_text]<\/p>\n<h3>Caracter\u00edsticas del docente<\/h3>\n<p>En el \u00e1mbito val\u00f3rico cristiano: mantiene una infinita confianza en la Providencia de Dios, modelando los valores cristianos de un buen docente; amor compasivo, acogedor, caritativo, prudente, buen consejero, atento a las necesidades del pr\u00f3jimo, proclamador de la unidad familiar y ama entra\u00f1ablemente el ejercicio de la vocaci\u00f3n.<\/p>\n<p>En el \u00e1mbito pedag\u00f3gico y curricular: aplica metodolog\u00edas activas- participativas, motivando el protagonismo de sus estudiantes, respeta las diferencias individuales y los niveles de aprendizaje. Dise\u00f1a y maneja instrumentos y procedimientos evaluativos que atienden adecuadamente a la diversidad, conoce y adecua los planes y programas conforme a la realidad socio-cultural de su entorno junto a las exigencias ministeriales.<\/p>\n<p>En el \u00e1mbito de gesti\u00f3n: desarrolla e invita a un trabajo en equipo con una visi\u00f3n de colaboraci\u00f3n, promueve un ambiente de sana convivencia en la organizaci\u00f3n escolar, participa en el desarrollo de todas las actividades organizadas y programadas por la Direcci\u00f3n, optimiza sus tiempos para desarrollar adecuadamente todas sus labores, revisa y eval\u00faa regularmente el PEI del establecimiento y mantiene un alto esp\u00edritu de cr\u00edtica constructiva y esfuerzo por la superaci\u00f3n personal como as\u00ed tambi\u00e9n un buen clima de relaciones humanas, de manera que su paso por esta Escuela deje huellas que sean un ejemplo digno de imitar.<\/p>\n<p>En el \u00e1mbito personal: se preocupa por el perfeccionamiento como una forma de actualizar y mejorar sus competencias profesionales, mantiene un esp\u00edritu de cr\u00edtica constructiva y esfuerzo por la superaci\u00f3n personal, est\u00e1 al tanto de los cambios en el campo pedag\u00f3gico e incorpora las nuevas tendencias, evitando la resistencia al cambio.[\/vc_column_text][\/vc_column][\/vc_row][vc_row][vc_column][vc_column_text]<\/p>\n<h3>Caracter\u00edsticas de nuestros Asistentes de la Educaci\u00f3n<\/h3>\n<p>Los Asistentes de la Educaci\u00f3n (Administrativos, T\u00e9cnicos en P\u00e1rvulos, Inspectores de Patio, Auxiliares) se integrar\u00e1n en todas las actividades de la escuela, exceptuando aquellas que por su naturaleza respondan a lo espec\u00edfico de la funci\u00f3n pedag\u00f3gica, colaborando estrechamente con los docentes y directivos del establecimiento en pro del logro de las metas y objetivos educacionales, con responsabilidad compartir\u00e1n en la elaboraci\u00f3n y desarrollo del Proyecto Educativo de la Escuela.<\/p>\n<p>Los T\u00e9cnicos en P\u00e1rvulos deber\u00e1n adem\u00e1s prestar una estrecha colaboraci\u00f3n con la educadora de p\u00e1rvulo y profesores, quienes les asignar\u00e1n las responsabilidades a realizar.<\/p>\n<p>En relaci\u00f3n al personal administrativo, por ser personas de confianza de la Direcci\u00f3n, procurar\u00e1n mantener una actitud de responsabilidad y honestidad frente a todas las tareas que se les encomiende y un buen trato con el resto de los estamentos.[\/vc_column_text][\/vc_column][\/vc_row][vc_row][vc_column][vc_column_text]<\/p>\n<h3>Planta docente 2026<\/h3>\n<h4>Profesores Jefes de Primer Ciclo\u00a0 a\u00f1o 2026<\/h4>\n<p>K\u00b0\u00a0 \u00a0 Gloria Fernandez\u00a0 \u00a0 \u00a0 \u00a0 \u00a0 \u00a0 \u00a0 \u00a0 \u00a0gloria.fernandez@laprovidenciarecoleta.cl<\/p>\n<p>1\u00b0A\u00a0 \u00a0Ximena Reyes\u00a0 \u00a0 \u00a0 \u00a0 \u00a0 \u00a0 \u00a0 \u00a0 \u00a0 \u00a0 \u00a0 ximena.reyes@laprovidenciarecoleta.cl<\/p>\n<p>1\u00b0B\u00a0 \u00a0 Francesca Flores\u00a0 \u00a0 \u00a0 \u00a0 \u00a0 \u00a0 \u00a0 \u00a0 francesca.flores@laprovidenciarecoleta.cl<\/p>\n<p>2\u00b0 A\u00a0 \u00a0 J\u00e9ssica Ch\u00e1vez\u00a0 \u00a0 \u00a0 \u00a0 \u00a0 \u00a0 \u00a0 \u00a0 \u00a0 jessica.chavez@laprovidenciarecoleta.cl<\/p>\n<p>2\u00b0B\u00a0 \u00a0 Gladys Figueroa\u00a0 \u00a0 \u00a0 \u00a0 \u00a0 \u00a0 \u00a0 \u00a0 gladys.figueroa@laprovidenciarecoleta.cl<\/p>\n<p>3\u00b0A\u00a0 \u00a0 Marcela Ferrada\u00a0 \u00a0 \u00a0 \u00a0 \u00a0 \u00a0 \u00a0 \u00a0 marcela.ferrada@laprovidenciarecoleta.cl<\/p>\n<p>3\u00b0B\u00a0 \u00a0 Paulina Montecinos\u00a0 \u00a0 \u00a0 \u00a0 \u00a0paulina.montecinos@laprovidenciarecoleta.cl<\/p>\n<p>4\u00b0A\u00a0 \u00a0 Valeska Cort\u00e9s\u00a0 \u00a0 \u00a0 \u00a0 \u00a0 \u00a0 \u00a0 \u00a0 \u00a0 \u00a0 valeska.cortes@laprovidenciarecoleta.cl<\/p>\n<p>4\u00b0B\u00a0 \u00a0 Susane N\u00fa\u00f1ez\u00a0 \u00a0 \u00a0 \u00a0 \u00a0 \u00a0 \u00a0 \u00a0 \u00a0 \u00a0 susane.nunez@laprovidenciarecoleta.cl[\/vc_column_text][\/vc_column][\/vc_row][vc_row css=&#8221;.vc_custom_1578082140359{margin-top: 35px !important;}&#8221;][vc_column][vc_column_text]<\/p>\n<h4 class=\"entry-title\">Profesores Jefes Segundo Ciclo\u00a0 a\u00f1o 2026<\/h4>\n<p>5\u00b0A\u00a0 \u00a0 Josefina Artasa\u00a0 \u00a0 \u00a0 \u00a0 \u00a0 \u00a0 \u00a0josefina.artasa@laprovidenciarecoleta.cl<\/p>\n<p>5\u00b0B\u00a0 \u00a0 Jeannette Toro\u00a0 \u00a0 \u00a0 \u00a0 \u00a0 \u00a0 \u00a0 jeannette.toro@laprovidenciarecoleta.cl<\/p>\n<p>6\u00b0A\u00a0 \u00a0 Tamara Ramirez\u00a0 \u00a0 \u00a0 \u00a0 \u00a0 \u00a0tamara.ramirez@laprovidenciarecoleta.cl<\/p>\n<p>6\u00b0B\u00a0 \u00a0 Constanza Ni\u00f1o\u00a0 \u00a0 \u00a0 \u00a0 \u00a0 \u00a0 constanza.nino@laprovidenciarecoleta.cl<\/p>\n<p>7\u00b0A\u00a0 \u00a0 Pablo Rojas\u00a0 \u00a0 \u00a0 \u00a0 \u00a0 \u00a0 \u00a0 \u00a0 \u00a0 \u00a0 \u00a0 pablo.rojas@laprovidenciarecoleta.cl<\/p>\n<p>7\u00b0B\u00a0 \u00a0Cynthia Jara\u00a0 \u00a0 \u00a0 \u00a0 \u00a0 \u00a0 \u00a0 \u00a0 \u00a0 \u00a0 cynthia.jara@laprovidenciarecoleta.cl<\/p>\n<p>8\u00b0A\u00a0 Nayaret Cabezas\u00a0 \u00a0 \u00a0 \u00a0 \u00a0 \u00a0 \u00a0nayaret.cabezas@laprovidenciarecoleta.cl<\/p>\n<p>8\u00b0B\u00a0 \u00a0Iv\u00e1n Fuentes\u00a0 \u00a0 \u00a0 \u00a0 \u00a0 \u00a0 \u00a0 \u00a0 \u00a0 \u00a0 \u00a0ivan.fuentes@laprovidenciarecoleta.cl[\/vc_column_text][\/vc_column][\/vc_row][vc_row css=&#8221;.vc_custom_1578082140359{margin-top: 35px !important;}&#8221;][vc_column][vc_column_text]<\/p>\n<h4 class=\"entry-title\">Asistentes de sala<\/h4>\n<p>kinder\u00a0 \u00a0 \u00a0 \u00a0 \u00a0Constanza Bernales\u00a0 \u00a0y\u00a0 Marcela Rivas<\/p>\n<p>1\u00b0A\u00a0 \u00a0 \u00a0 \u00a0 \u00a0 \u00a0 \u00a0 \u00a0Deisy Rojas<\/p>\n<p>1\u00b0B\u00a0 \u00a0 \u00a0 \u00a0 \u00a0 \u00a0 \u00a0 \u00a0Daiana Ramires<\/p>\n<p>2\u00b0A\u00a0 \u00a0 \u00a0 \u00a0 \u00a0 \u00a0 \u00a0 Angela Gonz\u00e1lez<\/p>\n<p>2\u00b0B\u00a0 \u00a0 \u00a0 \u00a0 \u00a0 \u00a0 \u00a0 Patricia Bustos<\/p>\n<p>3\u00b0A\u00a0 \u00a0 \u00a0 \u00a0 \u00a0 \u00a0 \u00a0 Paula S\u00e1nchez<\/p>\n<p>3\u00b0B\u00a0 \u00a0 \u00a0 \u00a0 \u00a0 \u00a0 \u00a0 Paola Campos[\/vc_column_text][\/vc_column][\/vc_row][vc_row][vc_column][vc_video link=&#8221;https:\/\/youtu.be\/I_WW7akp_a0?t=2&#8243;][\/vc_column][\/vc_row]<\/p>\n","protected":false},"excerpt":{"rendered":"<p>[vc_row][vc_column][vc_single_image image=&#8221;15565&#8243; img_size=&#8221;full&#8221;][\/vc_column][\/vc_row][vc_row][vc_column][vc_column_text] Caracter\u00edsticas del docente En el \u00e1mbito val\u00f3rico cristiano: mantiene una infinita confianza en la Providencia de Dios, modelando los valores cristianos de un buen docente; amor compasivo, acogedor, caritativo, prudente, buen consejero, atento a las necesidades del pr\u00f3jimo, proclamador de la unidad familiar y ama entra\u00f1ablemente el ejercicio de la vocaci\u00f3n. En el \u00e1mbito pedag\u00f3gico y curricular:&nbsp;<a href=\"http:\/\/www.laprovidenciarecoleta.cl\/inicio\/escuela-info\/estamentos\/docentes-y-asistentes-de-la-educacion\/\">&hellip;<\/a><\/p>\n","protected":false},"author":2,"featured_media":0,"parent":668,"menu_order":2,"comment_status":"closed","ping_status":"closed","template":"template-sidebar-left-childpages.php","meta":{"footnotes":""},"_links":{"self":[{"href":"http:\/\/www.laprovidenciarecoleta.cl\/inicio\/wp-json\/wp\/v2\/pages\/3998"}],"collection":[{"href":"http:\/\/www.laprovidenciarecoleta.cl\/inicio\/wp-json\/wp\/v2\/pages"}],"about":[{"href":"http:\/\/www.laprovidenciarecoleta.cl\/inicio\/wp-json\/wp\/v2\/types\/page"}],"author":[{"embeddable":true,"href":"http:\/\/www.laprovidenciarecoleta.cl\/inicio\/wp-json\/wp\/v2\/users\/2"}],"replies":[{"embeddable":true,"href":"http:\/\/www.laprovidenciarecoleta.cl\/inicio\/wp-json\/wp\/v2\/comments?post=3998"}],"version-history":[{"count":73,"href":"http:\/\/www.laprovidenciarecoleta.cl\/inicio\/wp-json\/wp\/v2\/pages\/3998\/revisions"}],"predecessor-version":[{"id":16237,"href":"http:\/\/www.laprovidenciarecoleta.cl\/inicio\/wp-json\/wp\/v2\/pages\/3998\/revisions\/16237"}],"up":[{"embeddable":true,"href":"http:\/\/www.laprovidenciarecoleta.cl\/inicio\/wp-json\/wp\/v2\/pages\/668"}],"wp:attachment":[{"href":"http:\/\/www.laprovidenciarecoleta.cl\/inicio\/wp-json\/wp\/v2\/media?parent=3998"}],"curies":[{"name":"wp","href":"https:\/\/api.w.org\/{rel}","templated":true}]}}