{"id":3980,"date":"2020-01-03T16:10:14","date_gmt":"2020-01-03T19:10:14","guid":{"rendered":"http:\/\/www.laprovidenciarecoleta.cl\/inicio\/?page_id=3980"},"modified":"2025-03-26T23:57:12","modified_gmt":"2025-03-27T02:57:12","slug":"equipo-gestion","status":"publish","type":"page","link":"http:\/\/www.laprovidenciarecoleta.cl\/inicio\/escuela-info\/estamentos\/equipo-gestion\/","title":{"rendered":"Equipo Directivo"},"content":{"rendered":"<p>[vc_row][vc_column css=&#8221;.vc_custom_1459848193944{margin-bottom: 0px !important;}&#8221;][vc_column_text]Tiene por misi\u00f3n potenciar la vida de los estamentos y proveerles de asesores id\u00f3neos, como as\u00ed tambi\u00e9n establecer un nexo de comuni\u00f3n, comunicaci\u00f3n y participaci\u00f3n interdisciplinaria, respaldando de manera efectiva las actividades de cada estamento y atendiendo las necesidades derivadas de ellas.<\/p>\n<p>Procura programar acciones de formaci\u00f3n y de perfeccionamiento permanente. Vitaliza constantemente la pastoral org\u00e1nica de la escuela, basada en las Orientaciones Pastorales y la Espiritualidad Providencia. Adem\u00e1s vela por el fiel cumplimiento de la reforma educacional.<\/p>\n<p>Es deber del Equipo Directivo mantener y\/o contratar personal id\u00f3neo, para servir en los cargos que den garant\u00eda de compromiso seg\u00fan el Marco Doctrinal que sustenta la escuela.[\/vc_column_text][\/vc_column][\/vc_row][vc_row][vc_column][vc_single_image image=&#8221;15544&#8243; img_size=&#8221;full&#8221; alignment=&#8221;center&#8221;][\/vc_column][\/vc_row][vc_row][vc_column width=&#8221;1\/3&#8243; offset=&#8221;vc_col-lg-4&#8243; css=&#8221;.vc_custom_1459856824009{margin-bottom: 50px !important;}&#8221;]\t\t<div class=\"scp-teachers \">\n\t\t\t\t\t\t<div class=\"teacher one whole \">\n\t\t\t\t<div class=\"inner-wrap\">\n\t\t\t\t\t<div class=\"thumbnail\">\n\t\t\t\t\t\t<a href=\"http:\/\/www.laprovidenciarecoleta.cl\/inicio\/teachers\/rodrigo-arancibia\/\" title=\"Rodrigo Arancibia\"><img loading=\"lazy\" decoding=\"async\" width=\"150\" height=\"150\" src=\"http:\/\/www.laprovidenciarecoleta.cl\/inicio\/wp-content\/uploads\/2024\/02\/Director-Rodrigo-Arancibia-150x150.png\" class=\"attachment-thumbnail size-thumbnail wp-post-image\" alt=\"\" \/><\/a>\t\t\t\t\t<\/div>\n\t\t\t\t\t<div class=\"item\">\n\t\t\t\t\t\t<h5 class=\"entry-title\"><a\n\t\t\t\t\t\t\t\thref=\"http:\/\/www.laprovidenciarecoleta.cl\/inicio\/teachers\/rodrigo-arancibia\/\">Rodrigo Arancibia<\/a>\n\t\t\t\t\t\t<\/h5>\n\t\t\t\t\t\t\t\t\t\t\t\t\t\t\t\t\t\t\t<h6 class=\"job-title\">Director<\/h6>\n\t\t\t\t\t\t\t\t\t\t\t\t\t\t\t\t\t\t\t\t\t\t\t\t\t<div class=\"summary\">[vc_row][vc_column css=&#8221;.vc_custom_1459848193944{margin-bottom: 0px !important;}&#8221;][vc_column_text]Tiene por misi\u00f3n potenciar la vida de los estamentos y proveerles de asesores id\u00f3neos, como as\u00ed tambi\u00e9n establecer un nexo de comuni\u00f3n, comunicaci\u00f3n y participaci\u00f3n interdisciplinaria, respaldando de manera efectiva las actividades de cada estamento y atendiendo las necesidades derivadas de ellas. Procura programar acciones de formaci\u00f3n y de perfeccionamiento permanente. Vitaliza constantemente la pastoral org\u00e1nica de&nbsp;<a href=\"http:\/\/www.laprovidenciarecoleta.cl\/inicio\/escuela-info\/estamentos\/equipo-gestion\/\">&hellip;<\/a><\/div>\n\t\t\t\t\t\t\n\t\t\t\t\t\t\t\t\t\t\t\t\t\t\t\t\t<\/div>\n\t\t\t\t<\/div>\n\t\t\t<\/div>\n\t\t\t\t\t<\/div>\n\t\t[\/vc_column][vc_column width=&#8221;1\/3&#8243; offset=&#8221;vc_col-lg-4&#8243; css=&#8221;.vc_custom_1459856828589{margin-bottom: 50px !important;}&#8221;]\t\t<div class=\"scp-teachers \">\n\t\t\t\t\t\t<div class=\"teacher one whole \">\n\t\t\t\t<div class=\"inner-wrap\">\n\t\t\t\t\t<div class=\"thumbnail\">\n\t\t\t\t\t\t<a href=\"http:\/\/www.laprovidenciarecoleta.cl\/inicio\/teachers\/paula-zamorano-2\/\" title=\"Paula Zamorano\"><img loading=\"lazy\" decoding=\"async\" width=\"150\" height=\"150\" src=\"http:\/\/www.laprovidenciarecoleta.cl\/inicio\/wp-content\/uploads\/2024\/02\/Paula-Zamorano-Administradora-150x150.png\" class=\"attachment-thumbnail size-thumbnail wp-post-image\" alt=\"\" \/><\/a>\t\t\t\t\t<\/div>\n\t\t\t\t\t<div class=\"item\">\n\t\t\t\t\t\t<h5 class=\"entry-title\"><a\n\t\t\t\t\t\t\t\thref=\"http:\/\/www.laprovidenciarecoleta.cl\/inicio\/teachers\/paula-zamorano-2\/\">Paula Zamorano<\/a>\n\t\t\t\t\t\t<\/h5>\n\t\t\t\t\t\t\t\t\t\t\t\t\t\t\t\t\t\t\t<h6 class=\"job-title\">Administradora<\/h6>\n\t\t\t\t\t\t\t\t\t\t\t\t\t\t\t\t\t\t\t\t\t\t\t\t\t<div class=\"summary\">[vc_row][vc_column css=&#8221;.vc_custom_1459848193944{margin-bottom: 0px !important;}&#8221;][vc_column_text]Tiene por misi\u00f3n potenciar la vida de los estamentos y proveerles de asesores id\u00f3neos, como as\u00ed tambi\u00e9n establecer un nexo de comuni\u00f3n, comunicaci\u00f3n y participaci\u00f3n interdisciplinaria, respaldando de manera efectiva las actividades de cada estamento y atendiendo las necesidades derivadas de ellas. Procura programar acciones de formaci\u00f3n y de perfeccionamiento permanente. Vitaliza constantemente la pastoral org\u00e1nica de&nbsp;<a href=\"http:\/\/www.laprovidenciarecoleta.cl\/inicio\/escuela-info\/estamentos\/equipo-gestion\/\">&hellip;<\/a><\/div>\n\t\t\t\t\t\t\n\t\t\t\t\t\t\t\t\t\t\t\t\t\t\t\t\t<\/div>\n\t\t\t\t<\/div>\n\t\t\t<\/div>\n\t\t\t\t\t<\/div>\n\t\t[\/vc_column][vc_column width=&#8221;1\/3&#8243; offset=&#8221;vc_col-lg-4&#8243; css=&#8221;.vc_custom_1459856837596{margin-bottom: 50px !important;}&#8221;][\/vc_column][\/vc_row][vc_row css=&#8221;.vc_custom_1578080018075{margin-top: 35px !important;}&#8221;][vc_column width=&#8221;1\/3&#8243;]\t\t<div class=\"scp-teachers \">\n\t\t\t\t\t\t<div class=\"teacher one whole \">\n\t\t\t\t<div class=\"inner-wrap\">\n\t\t\t\t\t<div class=\"thumbnail\">\n\t\t\t\t\t\t<a href=\"http:\/\/www.laprovidenciarecoleta.cl\/inicio\/teachers\/sra-maria-viorklumds-araya\/\" title=\"Nelly Lizana\"><img loading=\"lazy\" decoding=\"async\" width=\"150\" height=\"150\" src=\"http:\/\/www.laprovidenciarecoleta.cl\/inicio\/wp-content\/uploads\/2022\/12\/Nelly-Lizana-Inspectora-gral-150x150.png\" class=\"attachment-thumbnail size-thumbnail wp-post-image\" alt=\"\" \/><\/a>\t\t\t\t\t<\/div>\n\t\t\t\t\t<div class=\"item\">\n\t\t\t\t\t\t<h5 class=\"entry-title\"><a\n\t\t\t\t\t\t\t\thref=\"http:\/\/www.laprovidenciarecoleta.cl\/inicio\/teachers\/sra-maria-viorklumds-araya\/\">Nelly Lizana<\/a>\n\t\t\t\t\t\t<\/h5>\n\t\t\t\t\t\t\t\t\t\t\t\t\t\t\t\t\t\t\t<h6 class=\"job-title\">Inspectora General<\/h6>\n\t\t\t\t\t\t\t\t\t\t\t\t\t\t\t\t\t\t\t\t\t\t\t\t\t<div class=\"summary\">[vc_row][vc_column css=&#8221;.vc_custom_1459848193944{margin-bottom: 0px !important;}&#8221;][vc_column_text]Tiene por misi\u00f3n potenciar la vida de los estamentos y proveerles de asesores id\u00f3neos, como as\u00ed tambi\u00e9n establecer un nexo de comuni\u00f3n, comunicaci\u00f3n y participaci\u00f3n interdisciplinaria, respaldando de manera efectiva las actividades de cada estamento y atendiendo las necesidades derivadas de ellas. Procura programar acciones de formaci\u00f3n y de perfeccionamiento permanente. Vitaliza constantemente la pastoral org\u00e1nica de&nbsp;<a href=\"http:\/\/www.laprovidenciarecoleta.cl\/inicio\/escuela-info\/estamentos\/equipo-gestion\/\">&hellip;<\/a><\/div>\n\t\t\t\t\t\t\n\t\t\t\t\t\t\t\t\t\t\t\t\t\t\t\t\t<\/div>\n\t\t\t\t<\/div>\n\t\t\t<\/div>\n\t\t\t\t\t<\/div>\n\t\t[\/vc_column][vc_column width=&#8221;1\/3&#8243;]\t\t<div class=\"scp-teachers \">\n\t\t\t\t\t\t<div class=\"teacher one whole \">\n\t\t\t\t<div class=\"inner-wrap\">\n\t\t\t\t\t<div class=\"thumbnail\">\n\t\t\t\t\t\t<a href=\"http:\/\/www.laprovidenciarecoleta.cl\/inicio\/teachers\/andrea-santis\/\" title=\"Andrea Santis\"><img loading=\"lazy\" decoding=\"async\" width=\"150\" height=\"150\" src=\"http:\/\/www.laprovidenciarecoleta.cl\/inicio\/wp-content\/uploads\/2025\/03\/Andrea-Santis-Jefe-UTP-150x150.png\" class=\"attachment-thumbnail size-thumbnail wp-post-image\" alt=\"\" \/><\/a>\t\t\t\t\t<\/div>\n\t\t\t\t\t<div class=\"item\">\n\t\t\t\t\t\t<h5 class=\"entry-title\"><a\n\t\t\t\t\t\t\t\thref=\"http:\/\/www.laprovidenciarecoleta.cl\/inicio\/teachers\/andrea-santis\/\">Andrea Santis<\/a>\n\t\t\t\t\t\t<\/h5>\n\t\t\t\t\t\t\t\t\t\t\t\t\t\t\t\t\t\t\t<h6 class=\"job-title\">Jefe UTP<\/h6>\n\t\t\t\t\t\t\t\t\t\t\t\t\t\t\t\t\t\t\t\t\t\t\t\t\t<div class=\"summary\">[vc_row][vc_column css=&#8221;.vc_custom_1459848193944{margin-bottom: 0px !important;}&#8221;][vc_column_text]Tiene por misi\u00f3n potenciar la vida de los estamentos y proveerles de asesores id\u00f3neos, como as\u00ed tambi\u00e9n establecer un nexo de comuni\u00f3n, comunicaci\u00f3n y participaci\u00f3n interdisciplinaria, respaldando de manera efectiva las actividades de cada estamento y atendiendo las necesidades derivadas de ellas. Procura programar acciones de formaci\u00f3n y de perfeccionamiento permanente. Vitaliza constantemente la pastoral org\u00e1nica de&nbsp;<a href=\"http:\/\/www.laprovidenciarecoleta.cl\/inicio\/escuela-info\/estamentos\/equipo-gestion\/\">&hellip;<\/a><\/div>\n\t\t\t\t\t\t\n\t\t\t\t\t\t\t\t\t\t\t\t\t\t\t\t\t<\/div>\n\t\t\t\t<\/div>\n\t\t\t<\/div>\n\t\t\t\t\t<\/div>\n\t\t[\/vc_column][vc_column width=&#8221;1\/3&#8243;]\t\t<div class=\"scp-teachers \">\n\t\t\t\t\t\t<div class=\"teacher one whole \">\n\t\t\t\t<div class=\"inner-wrap\">\n\t\t\t\t\t<div class=\"thumbnail\">\n\t\t\t\t\t\t<a href=\"http:\/\/www.laprovidenciarecoleta.cl\/inicio\/teachers\/lorena-gonzalez\/\" title=\"Lorena Gonz\u00e1lez\"><img loading=\"lazy\" decoding=\"async\" width=\"150\" height=\"150\" src=\"http:\/\/www.laprovidenciarecoleta.cl\/inicio\/wp-content\/uploads\/2025\/03\/Lorena-Gonzalez-Vargas-150x150.png\" class=\"attachment-thumbnail size-thumbnail wp-post-image\" alt=\"\" \/><\/a>\t\t\t\t\t<\/div>\n\t\t\t\t\t<div class=\"item\">\n\t\t\t\t\t\t<h5 class=\"entry-title\"><a\n\t\t\t\t\t\t\t\thref=\"http:\/\/www.laprovidenciarecoleta.cl\/inicio\/teachers\/lorena-gonzalez\/\">Lorena Gonz\u00e1lez<\/a>\n\t\t\t\t\t\t<\/h5>\n\t\t\t\t\t\t\t\t\t\t\t\t\t\t\t\t\t\t\t<h6 class=\"job-title\">Encargada de Pastoral<\/h6>\n\t\t\t\t\t\t\t\t\t\t\t\t\t\t\t\t\t\t\t\t\t\t\t\t\t<div class=\"summary\">[vc_row][vc_column css=&#8221;.vc_custom_1459848193944{margin-bottom: 0px !important;}&#8221;][vc_column_text]Tiene por misi\u00f3n potenciar la vida de los estamentos y proveerles de asesores id\u00f3neos, como as\u00ed tambi\u00e9n establecer un nexo de comuni\u00f3n, comunicaci\u00f3n y participaci\u00f3n interdisciplinaria, respaldando de manera efectiva las actividades de cada estamento y atendiendo las necesidades derivadas de ellas. Procura programar acciones de formaci\u00f3n y de perfeccionamiento permanente. Vitaliza constantemente la pastoral org\u00e1nica de&nbsp;<a href=\"http:\/\/www.laprovidenciarecoleta.cl\/inicio\/escuela-info\/estamentos\/equipo-gestion\/\">&hellip;<\/a><\/div>\n\t\t\t\t\t\t\n\t\t\t\t\t\t\t\t\t\t\t\t\t\t\t\t\t<\/div>\n\t\t\t\t<\/div>\n\t\t\t<\/div>\n\t\t\t\t\t<\/div>\n\t\t[\/vc_column][\/vc_row][vc_row][vc_column width=&#8221;1\/3&#8243;][\/vc_column][vc_column width=&#8221;1\/3&#8243;][\/vc_column][\/vc_row]<\/p>\n","protected":false},"excerpt":{"rendered":"<p>[vc_row][vc_column css=&#8221;.vc_custom_1459848193944{margin-bottom: 0px !important;}&#8221;][vc_column_text]Tiene por misi\u00f3n potenciar la vida de los estamentos y proveerles de asesores id\u00f3neos, como as\u00ed tambi\u00e9n establecer un nexo de comuni\u00f3n, comunicaci\u00f3n y participaci\u00f3n interdisciplinaria, respaldando de manera efectiva las actividades de cada estamento y atendiendo las necesidades derivadas de ellas. Procura programar acciones de formaci\u00f3n y de perfeccionamiento permanente. Vitaliza constantemente la pastoral org\u00e1nica de&nbsp;<a href=\"http:\/\/www.laprovidenciarecoleta.cl\/inicio\/escuela-info\/estamentos\/equipo-gestion\/\">&hellip;<\/a><\/p>\n","protected":false},"author":2,"featured_media":0,"parent":668,"menu_order":1,"comment_status":"closed","ping_status":"closed","template":"template-sidebar-left-childpages.php","meta":{"footnotes":""},"_links":{"self":[{"href":"http:\/\/www.laprovidenciarecoleta.cl\/inicio\/wp-json\/wp\/v2\/pages\/3980"}],"collection":[{"href":"http:\/\/www.laprovidenciarecoleta.cl\/inicio\/wp-json\/wp\/v2\/pages"}],"about":[{"href":"http:\/\/www.laprovidenciarecoleta.cl\/inicio\/wp-json\/wp\/v2\/types\/page"}],"author":[{"embeddable":true,"href":"http:\/\/www.laprovidenciarecoleta.cl\/inicio\/wp-json\/wp\/v2\/users\/2"}],"replies":[{"embeddable":true,"href":"http:\/\/www.laprovidenciarecoleta.cl\/inicio\/wp-json\/wp\/v2\/comments?post=3980"}],"version-history":[{"count":33,"href":"http:\/\/www.laprovidenciarecoleta.cl\/inicio\/wp-json\/wp\/v2\/pages\/3980\/revisions"}],"predecessor-version":[{"id":15555,"href":"http:\/\/www.laprovidenciarecoleta.cl\/inicio\/wp-json\/wp\/v2\/pages\/3980\/revisions\/15555"}],"up":[{"embeddable":true,"href":"http:\/\/www.laprovidenciarecoleta.cl\/inicio\/wp-json\/wp\/v2\/pages\/668"}],"wp:attachment":[{"href":"http:\/\/www.laprovidenciarecoleta.cl\/inicio\/wp-json\/wp\/v2\/media?parent=3980"}],"curies":[{"name":"wp","href":"https:\/\/api.w.org\/{rel}","templated":true}]}}