{"id":1769,"date":"2018-07-27T10:56:19","date_gmt":"2018-07-27T14:56:19","guid":{"rendered":"http:\/\/www.laprovidenciarecoleta.cl\/inicio\/?page_id=1769"},"modified":"2025-08-03T21:57:10","modified_gmt":"2025-08-04T01:57:10","slug":"admision-2025","status":"publish","type":"page","link":"http:\/\/www.laprovidenciarecoleta.cl\/inicio\/escuela-info\/admision-2025\/","title":{"rendered":"Admisi\u00f3n 2026"},"content":{"rendered":"<p>[vc_row css=&#8221;.vc_custom_1578931871707{margin-bottom: 25px !important;}&#8221;][vc_column width=&#8221;2\/3&#8243;][vc_column_text]<\/p>\n<h2>1.- \u00bfC\u00f3mo se postula?<\/h2>\n<p>Ingrese a\u00a0<a href=\"http:\/\/www.sistemadeadmisionescolar.cl\/\" target=\"_blank\" rel=\"noopener noreferrer\">www.sistemadeadmisionescolar.cl.<\/a><\/p>\n<p>Si postular\u00e1 por primera vez, deber\u00e1 registrarse.<\/p>\n<p>\u00a1Verifique que la informaci\u00f3n del postulante est\u00e9 correcta!<\/p>\n<p><a href=\"https:\/\/admision.mineduc.cl\/vitrina-vue\/\" target=\"_blank\" rel=\"noopener noreferrer\">Busque establecimientos, agr\u00e9guelos a su listado de preferencia y ord\u00e9nelos por preferencia. De la m\u00e1s a la menos preferida.<\/a><\/p>\n<p>En la plataforma encontrar\u00e1 todos los establecimientos p\u00fablicos y particulares subvencionados del pa\u00eds.<\/p>\n<p>Env\u00ede su postulaci\u00f3n y descargue su comprobante.<\/p>\n<p>\u00a1No olvide cerrar su sesi\u00f3n!<\/p>\n<h3><a href=\"https:\/\/admision.mineduc.cl\/vitrina-vue\/establecimiento\/10326\" target=\"_blank\" rel=\"noopener noreferrer\">Enlace a la vitrina de\u00a0<strong>nuestra escuela:<\/strong>\u00a0\u00a1clic aqu\u00ed!<\/a><\/h3>\n<hr \/>\n<h2>2.- \u00bfQui\u00e9nes deben postular?<\/h2>\n<p>Quienes por <strong>primera vez ingresan\u00a0<\/strong>a un establecimiento p\u00fablico o particular subvencionado.<\/p>\n<ul>\n<li>Quienes\u00a0<strong>quieran cambiarse\u00a0<\/strong>de establecimiento.<\/li>\n<li>Quienes est\u00e9n en un\u00a0<strong>establecimiento que no tenga continuidad<\/strong>\u00a0en el siguiente nivel.<\/li>\n<li>Quienes\u00a0<strong>quieran reingresar al sistema educativo<\/strong>.<\/li>\n<li>Quienes\u00a0<strong>cursan medio mayor\u00a0<\/strong>y quieren continuar en el mismo establecimiento o en otro.<\/li>\n<li>Quienes se encuentran en una\u00a0<strong>modalidad de educaci\u00f3n especial y una vez dados de alta,\u00a0<\/strong>quieran continuar en el mismo establecimiento, ahora en modalidad de educaci\u00f3n regular.<\/li>\n<\/ul>\n<hr \/>\n<h2>3.- \u00bfQui\u00e9nes no deben postular?<\/h2>\n<p><strong>No deben postular a trav\u00e9s del Sistema de Admisi\u00f3n Escolar:<\/strong><\/p>\n<ul>\n<li>Quienes quieran ingresar a un establecimiento<strong>\u00a0Particular Pagado.<\/strong><\/li>\n<li>Quienes\u00a0<strong>no quieran cambiarse colegio<\/strong>, estando en modalidad de educaci\u00f3n regular de prek\u00ednder a 4\u00b0 medio.<\/li>\n<li>Quienes quieran ingresar a<strong>\u00a0jardines Junji, Integra o Escuelas de P\u00e1rvulos.<\/strong><\/li>\n<li>Quienes quieran ingresar a una modalidad o escuela de<strong>\u00a0Educaci\u00f3n Especial o de Lenguaje.<\/strong><\/li>\n<li>Quienes quieran ingresar a un establecimiento que imparta<strong>\u00a0Educaci\u00f3n de Adultos.<\/strong><\/li>\n<\/ul>\n<hr \/>\n<h2>4.- \u00bfDesea m\u00e1s informaci\u00f3n?<\/h2>\n<p>Compartimos enlaces a sitios donde encontrar\u00e1 m\u00e1s informaci\u00f3n sobre el proceso de postulaci\u00f3n:<\/p>\n<ul>\n<li><a href=\"https:\/\/www.sistemadeadmisionescolar.cl\/\" target=\"_blank\" rel=\"noopener noreferrer\">Sitio web SAE<\/a><\/li>\n<li><a href=\"https:\/\/www.facebook.com\/SistemaAdmisionEscolar\" target=\"_blank\" rel=\"noopener noreferrer\">Facebook SAE<\/a><\/li>\n<\/ul>\n<h3>Documentos necesarios para la Matr\u00edcula<\/h3>\n<ul>\n<li>Certificado de Nacimiento.<\/li>\n<li>Certificado de Estudio. (Original).<\/li>\n<\/ul>\n<p><em>Si el apoderado no realiza el tr\u00e1mite de matr\u00edcula, perder\u00e1 el cupo en el establecimiento.<\/em>[\/vc_column_text][vc_single_image image=&#8221;15802&#8243; img_size=&#8221;full&#8221; title=&#8221;Fechas del proceso 2026&#8243;][\/vc_column][vc_column width=&#8221;1\/3&#8243;][vc_single_image image=&#8221;4136&#8243; img_size=&#8221;large&#8221; alignment=&#8221;center&#8221; onclick=&#8221;custom_link&#8221; img_link_target=&#8221;_blank&#8221; link=&#8221;https:\/\/www.sistemadeadmisionescolar.cl\/&#8221;][\/vc_column][\/vc_row][vc_row disable_element=&#8221;yes&#8221;][vc_column][vc_column_text]<span style=\"color: #ffffff;\">El Ministerio de Educaci\u00f3n ha compartido la informaci\u00f3n sobre el proceso de postulaci\u00f3n\u00a0 a establecimientos p\u00fablicos y particulares subvencionados 2022. <\/span><\/p>\n<h4><span style=\"color: #ffffff;\">El periodo principal de postulaci\u00f3n comienza el d\u00eda jueves\u00a0<strong>12 de agosto del 2021<\/strong>\u00a0 (en todos los niveles)\u00a0 y\u00a0<strong>finaliza el d\u00eda\u00a0 8 de septiembre del 2021.<\/strong><\/span><\/h4>\n<p><span style=\"color: #ffffff;\">Es importante que pueda revisar en detalle la informaci\u00f3n aqu\u00ed presentada, para conocer el proceso de postulaci\u00f3n del Sistema de Admisi\u00f3n Escolar.<\/span>[\/vc_column_text][\/vc_column][\/vc_row]<\/p>\n","protected":false},"excerpt":{"rendered":"<p>[vc_row css=&#8221;.vc_custom_1578931871707{margin-bottom: 25px !important;}&#8221;][vc_column width=&#8221;2\/3&#8243;][vc_column_text] 1.- \u00bfC\u00f3mo se postula? Ingrese a\u00a0www.sistemadeadmisionescolar.cl. Si postular\u00e1 por primera vez, deber\u00e1 registrarse. \u00a1Verifique que la informaci\u00f3n del postulante est\u00e9 correcta! Busque establecimientos, agr\u00e9guelos a su listado de preferencia y ord\u00e9nelos por preferencia. De la m\u00e1s a la menos preferida. En la plataforma encontrar\u00e1 todos los establecimientos p\u00fablicos y particulares subvencionados del pa\u00eds. Env\u00ede su&nbsp;<a href=\"http:\/\/www.laprovidenciarecoleta.cl\/inicio\/escuela-info\/admision-2025\/\">&hellip;<\/a><\/p>\n","protected":false},"author":2,"featured_media":0,"parent":584,"menu_order":9,"comment_status":"closed","ping_status":"closed","template":"template-sidebar-left-childpages.php","meta":{"footnotes":""},"_links":{"self":[{"href":"http:\/\/www.laprovidenciarecoleta.cl\/inicio\/wp-json\/wp\/v2\/pages\/1769"}],"collection":[{"href":"http:\/\/www.laprovidenciarecoleta.cl\/inicio\/wp-json\/wp\/v2\/pages"}],"about":[{"href":"http:\/\/www.laprovidenciarecoleta.cl\/inicio\/wp-json\/wp\/v2\/types\/page"}],"author":[{"embeddable":true,"href":"http:\/\/www.laprovidenciarecoleta.cl\/inicio\/wp-json\/wp\/v2\/users\/2"}],"replies":[{"embeddable":true,"href":"http:\/\/www.laprovidenciarecoleta.cl\/inicio\/wp-json\/wp\/v2\/comments?post=1769"}],"version-history":[{"count":78,"href":"http:\/\/www.laprovidenciarecoleta.cl\/inicio\/wp-json\/wp\/v2\/pages\/1769\/revisions"}],"predecessor-version":[{"id":15805,"href":"http:\/\/www.laprovidenciarecoleta.cl\/inicio\/wp-json\/wp\/v2\/pages\/1769\/revisions\/15805"}],"up":[{"embeddable":true,"href":"http:\/\/www.laprovidenciarecoleta.cl\/inicio\/wp-json\/wp\/v2\/pages\/584"}],"wp:attachment":[{"href":"http:\/\/www.laprovidenciarecoleta.cl\/inicio\/wp-json\/wp\/v2\/media?parent=1769"}],"curies":[{"name":"wp","href":"https:\/\/api.w.org\/{rel}","templated":true}]}}