{"id":13678,"date":"2022-04-07T00:47:36","date_gmt":"2022-04-07T04:47:36","guid":{"rendered":"http:\/\/www.laprovidenciarecoleta.cl\/inicio\/?page_id=13678"},"modified":"2024-03-15T10:37:27","modified_gmt":"2024-03-15T13:37:27","slug":"excelencia-academica","status":"publish","type":"page","link":"http:\/\/www.laprovidenciarecoleta.cl\/inicio\/excelencia-academica\/","title":{"rendered":"Excelencia Acad\u00e9mica 2024"},"content":{"rendered":"<p>[vc_row][vc_column][vc_column_text]<a href=\"http:\/\/www.laprovidenciarecoleta.cl\/inicio\/wp-content\/uploads\/2022\/04\/%C2%BFQue-es-el-SNED.mp4\" target=\"_blank\" rel=\"noopener\"> SNED<\/a><\/p>\n<p><em><strong>El martes 12 de marzo de 2024, se publicaron\u00a0 los resultados de los establecimientos que se\u00a0 adjudicaron la Subvenci\u00f3n Nacional por Desempe\u00f1o de Excelencia (SNED) para el periodo 2024-2025, en dicha\u00a0 selecci\u00f3n nuestra escuela logr\u00f3 el reconocimiento a la EXCELENCIA ACAD\u00c9MICA, con un 100% .<\/strong><\/em><\/p>\n<p>Esta herramienta busca ser un aporte a la trascendental tarea de mejorar la educaci\u00f3n impartida en nuestras aulas, tomando en cuenta que una buena educaci\u00f3n significa mayores oportunidades y progreso. Para cumplir con su objetivo, el SNED funciona mediante el incentivo y reconocimiento a los docentes y asistentes de la educaci\u00f3n de los establecimientos con mejor desempe\u00f1o en cada regi\u00f3n. A trav\u00e9s de este sistema se busca tambi\u00e9n que los padres, madres y apoderados conozcan los resultados obtenidos y la evoluci\u00f3n seguida por el establecimiento al que asisten sus hijos e hijas, y que los directivos, docentes y asistentes de la educaci\u00f3n retroalimenten sus decisiones de gesti\u00f3n t\u00e9cnico-pedag\u00f3gicas y administrativas.<\/p>\n<p>Los\u00a0 factores para la medici\u00f3n del desempe\u00f1o de los establecimientos, son los siguientes:<br \/>\na) <strong>Efectividad<\/strong>, consiste en el resultado educativo obtenido por el establecimiento en relaci\u00f3n con la poblaci\u00f3n atendida.<\/p>\n<p>b) <strong>Superaci\u00f3n<\/strong>, corresponde a los diferenciales de logro educativo obtenidos en el tiempo por el establecimiento educacional.<br \/>\nc) <strong>Iniciativa<\/strong>, obedece a la capacidad del establecimiento para incorporar innovaciones educativas y comprometer el apoyo de agentes externos en su quehacer pedag\u00f3gico.<\/p>\n<p>d)<strong> Mejoramiento de las condiciones de trabajo<\/strong> y adecuado funcionamiento del establecimiento.<\/p>\n<p>e)<strong> Igualdad de oportunidades<\/strong>, que corresponde a la accesibilidad y permanencia de la poblaci\u00f3n\u00a0 escolar en el establecimiento educacional y la integraci\u00f3n de grupos con dificultades de aprendizaje.<\/p>\n<p>f) <strong>Inte<\/strong><strong>graci\u00f3n y participaci\u00f3n<\/strong> de profesores y profesoras, padres y apoderados en el desarrollo del proyecto educativo del establecimiento.<\/p>\n<p>Este reconocimiento nos alegra, ya que se trata de un gran logro que refleja el trabajo y esfuerzo sostenido de toda la comunidad educativa y\u00a0 evidencia\u00a0 la perseverancia en el compromiso de nuestra mejora continua, ya que \u00a0en\u00a0 la medici\u00f3n del per\u00edodo 2022 a 2023\u00a0 nuestra escuela obtuvo el\u00a0 60% de logro .<\/p>\n<p>[\/vc_column_text][\/vc_column][\/vc_row][vc_row][vc_column][vc_video link=&#8221;https:\/\/www.youtube.com\/watch?v=D-eX3-WgtZc&amp;t=1s&#8221;][\/vc_column][\/vc_row]<\/p>\n<div>\n<hr \/>\n<\/div>\n<div><\/div>\n<div><strong>ADECO<\/strong><\/div>\n<div>Durante el a\u00f1o 2021, nuestro Equipo Directivo, con el apoyo de nuestra Fundaci\u00f3n Educacional, decidi\u00f3 someterse a una evaluaci\u00f3n externa para medir sus pr\u00e1cticas de gesti\u00f3n escolar. Esta evaluaci\u00f3n la realiza el Mineduc a trav\u00e9s del Cpeip y los departamentos provinciales de educaci\u00f3n.<\/div>\n<div><\/div>\n<div>Para satisfacci\u00f3n de toda nuestra comunidad escolar, nuestro Equipo Directivo, recibi\u00f3 la categorizaci\u00f3n\u00a0de desempe\u00f1o\u00a0<i>competente<\/i>. Este positivo resultado de evaluaci\u00f3n nos alegra\u00a0y nos desaf\u00eda a seguir esforz\u00e1ndonos en nuestras pr\u00e1cticas\u00a0para mejorar a\u00fan m\u00e1s la categorizaci\u00f3n de desempe\u00f1o.<\/div>\n<p>&nbsp;<\/p>\n<p><a href=\"http:\/\/www.laprovidenciarecoleta.cl\/inicio\/wp-content\/uploads\/2022\/04\/image.png\"><img loading=\"lazy\" decoding=\"async\" class=\"alignnone size-large wp-image-13689\" src=\"http:\/\/www.laprovidenciarecoleta.cl\/inicio\/wp-content\/uploads\/2022\/04\/image-692x161.png\" alt=\"\" width=\"692\" height=\"161\" srcset=\"http:\/\/www.laprovidenciarecoleta.cl\/inicio\/wp-content\/uploads\/2022\/04\/image.png 692w, http:\/\/www.laprovidenciarecoleta.cl\/inicio\/wp-content\/uploads\/2022\/04\/image-300x70.png 300w\" sizes=\"(max-width: 692px) 100vw, 692px\" \/><\/a><\/p>\n","protected":false},"excerpt":{"rendered":"<p>[vc_row][vc_column][vc_column_text] SNED El martes 12 de marzo de 2024, se publicaron\u00a0 los resultados de los establecimientos que se\u00a0 adjudicaron la Subvenci\u00f3n Nacional por Desempe\u00f1o de Excelencia (SNED) para el periodo 2024-2025, en dicha\u00a0 selecci\u00f3n nuestra escuela logr\u00f3 el reconocimiento a la EXCELENCIA ACAD\u00c9MICA, con un 100% . Esta herramienta busca ser un aporte a la trascendental tarea de mejorar la&nbsp;<a href=\"http:\/\/www.laprovidenciarecoleta.cl\/inicio\/excelencia-academica\/\">&hellip;<\/a><\/p>\n","protected":false},"author":6,"featured_media":0,"parent":0,"menu_order":0,"comment_status":"closed","ping_status":"closed","template":"","meta":{"footnotes":""},"_links":{"self":[{"href":"http:\/\/www.laprovidenciarecoleta.cl\/inicio\/wp-json\/wp\/v2\/pages\/13678"}],"collection":[{"href":"http:\/\/www.laprovidenciarecoleta.cl\/inicio\/wp-json\/wp\/v2\/pages"}],"about":[{"href":"http:\/\/www.laprovidenciarecoleta.cl\/inicio\/wp-json\/wp\/v2\/types\/page"}],"author":[{"embeddable":true,"href":"http:\/\/www.laprovidenciarecoleta.cl\/inicio\/wp-json\/wp\/v2\/users\/6"}],"replies":[{"embeddable":true,"href":"http:\/\/www.laprovidenciarecoleta.cl\/inicio\/wp-json\/wp\/v2\/comments?post=13678"}],"version-history":[{"count":12,"href":"http:\/\/www.laprovidenciarecoleta.cl\/inicio\/wp-json\/wp\/v2\/pages\/13678\/revisions"}],"predecessor-version":[{"id":14831,"href":"http:\/\/www.laprovidenciarecoleta.cl\/inicio\/wp-json\/wp\/v2\/pages\/13678\/revisions\/14831"}],"wp:attachment":[{"href":"http:\/\/www.laprovidenciarecoleta.cl\/inicio\/wp-json\/wp\/v2\/media?parent=13678"}],"curies":[{"name":"wp","href":"https:\/\/api.w.org\/{rel}","templated":true}]}}