{"id":1028,"date":"2017-11-16T20:30:05","date_gmt":"2017-11-16T20:30:05","guid":{"rendered":"http:\/\/www.laprovidenciarecoleta.cl\/inicio\/?page_id=1028"},"modified":"2021-09-20T21:13:00","modified_gmt":"2021-09-21T00:13:00","slug":"historia","status":"publish","type":"page","link":"http:\/\/www.laprovidenciarecoleta.cl\/inicio\/escuela-info\/historia\/","title":{"rendered":"Historia"},"content":{"rendered":"<p>[vc_row][vc_column width=&#8221;2\/3&#8243;][vc_column_text]<\/p>\n<h3>Historia de la Escuela Particular San Jos\u00e9<\/h3>\n<p>Corr\u00eda la primera d\u00e9cada del siglo pasado, cuando las Hermanas Franciscanas de Santa Ver\u00f3nica de Giuliani inauguran la Escuela N\u00b0115 San Jos\u00e9 de Conchal\u00ed.<\/p>\n<p>En aquella \u00e9poca, todo el sector estaba destinado a la agricultura. Exist\u00edan lecher\u00edas y terrenos con cultivos de frutas y verduras. Hab\u00eda muy pocas casas. Por el Costado norte de la escuela corr\u00eda un canal que serv\u00eda para regar todos los terrenos del lugar.<\/p>\n<p>En este entorno agreste, casi campesino, el d\u00eda 24 de octubre de 1914, las Hermanas Ver\u00f3nicas fundan la escuela San Jos\u00e9, internado San Jos\u00e9.<\/p>\n<p>En esa \u00e9poca, una de las demandas m\u00e1s importantes para las religiosas era tener un lugar para albergar ni\u00f1as pobres, hu\u00e9rfanas o desvalidas. En el internado de la escuela, hab\u00eda alrededor de 60 alumnas.<\/p>\n<p>A comienzos de los a\u00f1os 1960, las hermanas Ver\u00f3nicas comienzan a tener dificultades de organizaci\u00f3n interna, escasez de religiosas, mayor\u00eda de hermanas de edad avanzada, falta de preparaci\u00f3n para atender las obras (escuelas, internados, hospitales) en forma adecuada.<\/p>\n<p>En 1967, el Cardenal Ra\u00fal silva Henr\u00edquez pide a las Hermanas de la Providencia que tomen a su cargo el gobierno de la casa de San Jos\u00e9: la escuela, el internado y el hogar de ancianas.<\/p>\n<p>Cada religiosa Ver\u00f3nica tom\u00f3 la decisi\u00f3n de integrarse a otra congregaci\u00f3n. De las once religiosas que quedaban, siete de ellas pasaron a ser Hermanas de la Providencia.<\/p>\n<p>La Hna. Carmen Garrido Pardo vivi\u00f3 tres a\u00f1os en San Jos\u00e9, antes que esta casa pasara a la Providencia. Ella decidi\u00f3 seguir siendo Ver\u00f3nica hasta el final de sus d\u00edas.<\/p>\n<p>La congregaci\u00f3n de Santa Ver\u00f3nica de Giuliani se extingui\u00f3 con la muerte de Hna. Carmen a sus 88 a\u00f1os, el 25 de mayo de 2017 en la Comunidad Bernarda Morin de las Hermanas de la Providencia.<\/p>\n<p>Hasta el d\u00eda de hoy, se mantiene el mausoleo de la congregaci\u00f3n religiosa Santa Ver\u00f3nica de Giuliani en el Cementerio Cat\u00f3lico.<\/p>\n<p>As\u00ed comienza el caminar de nuestra Escuela junto a las Hermanas de la Providencia, haciendo vida el mensaje de la Beata Emilia Gamelin, fundadora de la Congregaci\u00f3n en Canad\u00e1, y la Sierva de Dios Madre Bernarda Morin, fundadora de la Congregaci\u00f3n en Chile.<\/p>\n<p>La escuela continu\u00f3 atendiendo en dos jornadas. En los a\u00f1os 1970 se suprimi\u00f3 el internado.<\/p>\n<p>El a\u00f1o 2002 la escuela implementa la jornada escolar completa, lo que signific\u00f3 una reestructuraci\u00f3n general del establecimiento en el aspecto estructural y pedag\u00f3gico.<\/p>\n<p>El 2005 la escuela recibe\u00a0 por primera vez\u00a0 estudiantes varones en los cursos k\u00ednder y primero b\u00e1sico.<\/p>\n<p>El a\u00f1o 2014 se conmemor\u00f3 el centenario de nuestra Escuela San Jos\u00e9: 100 a\u00f1os sirviendo a la educaci\u00f3n, formaci\u00f3n y cuidado de ni\u00f1as y ni\u00f1os que el Se\u00f1or nos ha encomendado.[\/vc_column_text][\/vc_column][vc_column width=&#8221;1\/3&#8243;][vc_single_image image=&#8221;13110&#8243; img_size=&#8221;medium&#8221; onclick=&#8221;link_image&#8221;][vc_single_image image=&#8221;13111&#8243; img_size=&#8221;medium&#8221; onclick=&#8221;link_image&#8221;][vc_single_image image=&#8221;13109&#8243; img_size=&#8221;medium&#8221; add_caption=&#8221;yes&#8221; alignment=&#8221;center&#8221; onclick=&#8221;link_image&#8221;][\/vc_column][\/vc_row][vc_row][vc_column][vc_raw_html]JTNDaWZyYW1lJTIwd2lkdGglM0QlMjI2NjAlMjIlMjBoZWlnaHQlM0QlMjI0MTUlMjIlMjBzcmMlM0QlMjJodHRwcyUzQSUyRiUyRnd3dy55b3V0dWJlLmNvbSUyRmVtYmVkJTJGWjQyX0tSNnQ4MjQlMjIlMjB0aXRsZSUzRCUyMllvdVR1YmUlMjB2aWRlbyUyMHBsYXllciUyMiUyMGZyYW1lYm9yZGVyJTNEJTIyMCUyMiUyMGFsbG93JTNEJTIyYWNjZWxlcm9tZXRlciUzQiUyMGF1dG9wbGF5JTNCJTIwY2xpcGJvYXJkLXdyaXRlJTNCJTIwZW5jcnlwdGVkLW1lZGlhJTNCJTIwZ3lyb3Njb3BlJTNCJTIwcGljdHVyZS1pbi1waWN0dXJlJTIyJTIwYWxsb3dmdWxsc2NyZWVuJTNFJTNDJTJGaWZyYW1lJTNF[\/vc_raw_html][\/vc_column][\/vc_row][vc_row][vc_column][vc_column_text]<\/p>\n<hr \/>\n<p>Para conocer m\u00e1s sobre la Congregaci\u00f3n de las Hermanas de la Providencia visite <a href=\"https:\/\/providenceintl.org\/es\/\" target=\"_blank\" rel=\"noopener\">providenceintl.org\/es<\/a>. M\u00e1s informaci\u00f3n sobre la Provincia Bernarda Morin y la Sierva de Dios Madre Bernarda Morin se puede encontrar en el sitio web: <a href=\"http:\/\/hermanasdelaprovidencia.cl\/\" target=\"_blank\" rel=\"noopener\">hermanasdelaprovidencia.cl<\/a>.[\/vc_column_text][\/vc_column][\/vc_row][vc_row disable_element=&#8221;yes&#8221;][vc_column css=&#8221;.vc_custom_1459847851524{margin-bottom: 0px !important;}&#8221;][vc_custom_heading text=&#8221;Nuestras Ra\u00edces e Identidad&#8221; use_theme_fonts=&#8221;yes&#8221;][vc_column_text css=&#8221;.vc_custom_1577993768731{padding-right: 10px !important;}&#8221;]<\/p>\n<header class=\"entry-header\"><\/header>\n<div class=\"entry-content\">\n<h3>Notas de pertenencia comunitaria<\/h3>\n<h4><em>Nuestras Ra\u00edces, piedras fundamentales de un proyecto providente<\/em><\/h4>\n<p>La obra de las Hermanas de la Providencia en Chile se sustenta primeramente en el accionar del Esp\u00edritu de Dios mediante personas que fueron d\u00f3ciles y colaboradoras de su misi\u00f3n en el mundo. La llegada de la Congregaci\u00f3n a Chile no fue planificada, al menos por una programaci\u00f3n humana. Acontece un 17 Junio de 1853, en medio de aparentes casualidades, que m\u00e1s tarde sellar\u00edan los acontecimientos hist\u00f3ricos con que Dios fue llamando a descubrir sus planes. As\u00ed, el carisma de la Providencia llega a estar presente en la historia de la Iglesia chilena en forma protag\u00f3nica.<\/p>\n<p>La obra a nivel mundial fue animada por Emilia Gamelin, rostro de la Providencia de Dios, y en Chile la Providencia act\u00faa mediante el esp\u00edritu fuerte y creativo de Bernarda Mor\u00edn. Ambas son las gestoras de un proyecto que hoy florece en diversas obras, especialmente de servicio a los m\u00e1s pobres y necesitados en diversos lugares del mundo, guardando la pureza y fidelidad al carisma fundacional.<\/p>\n<\/div>\n<p>[\/vc_column_text][vc_separator][vc_column_text css=&#8221;.vc_custom_1577993358026{padding-right: 10px !important;}&#8221;]<\/p>\n<header class=\"entry-header\"><\/header>\n<div class=\"entry-content\">\n<h3>Emilia Gamelin, Canad\u00e1<\/h3>\n<p><img loading=\"lazy\" decoding=\"async\" class=\"alignleft size-medium wp-image-205\" src=\"http:\/\/www.laprovidenciarecoleta.cl\/escuela\/wp-content\/uploads\/2017\/03\/madreemilia-222x300.jpg\" sizes=\"(max-width: 222px) 100vw, 222px\" srcset=\"http:\/\/www.laprovidenciarecoleta.cl\/escuela\/wp-content\/uploads\/2017\/03\/madreemilia-222x300.jpg 222w, http:\/\/www.laprovidenciarecoleta.cl\/escuela\/wp-content\/uploads\/2017\/03\/madreemilia.jpg 307w\" alt=\"\" width=\"222\" height=\"300\" \/>La se\u00f1ora Gamelin y m\u00e1s tarde Madre Gamelin, naci\u00f3 en Montreal Canad\u00e1, el 19 de Febrero de 1800 en un lugar denominado \u201cTierra Providencia\u201d. Apodada \u201cLa Providencia de los pobres\u201d, camin\u00f3 en el Viejo Montreal, siendo sucesivamente una joven, una esposa, una madre, el \u00e1ngel de los presos, y por ende, una amiga de todos los pobres.<\/p>\n<p>Desde muy peque\u00f1a, Emilia Tavernier Gamelin am\u00f3 a los pobres. Su propia experiencia de sufrimiento comienza a la edad de 4 a\u00f1os con el fallecimiento de su madre y se repite cuando ella tiene 14 a\u00f1os con la muerte de su padre.<\/p>\n<p>Algunos a\u00f1os m\u00e1s tarde contrae matrimonio con Juan Bautista Gamelin, constituyendo una pareja feliz. Ellos comparten el mismo inter\u00e9s y amor hacia los pobres. Pero en un espacio de 5 a\u00f1os, Emilia hab\u00eda perdido a sus tres hijos y a su marido.<\/p>\n<p>Emilia reflexiona y reza a Nuestra Madre de Dolores, present\u00e1ndole sus propios dolores. M\u00e1s tarde entender\u00e1 que hay muchos que viven tambi\u00e9n dolores, a los que ella puede ayudar. Se dedica primero a las ancianas, luego a las v\u00edctimas del c\u00f3lera, del tifus, a los hu\u00e9rfanos, enfermos mentales, presos y en fin, se preocupa de aliviar todo dolor humano donde quiera que se encuentre.<\/p>\n<p>El 18 de diciembre del a\u00f1o 2000, El Papa Juan Pablo II reconoci\u00f3 la virtud de Emilia y la autenticidad del milagro presentado, proponi\u00e9ndola al Pueblo de Dios como ejemplo de virtudes y beatific\u00e1ndola el 7 de octubre del a\u00f1o 2001 en la Ciudad de El Vaticano.<\/p>\n<\/div>\n<p>[\/vc_column_text][vc_separator][vc_column_text css=&#8221;.vc_custom_1577993389202{padding-right: 10px !important;}&#8221;]<\/p>\n<header class=\"entry-header\"><\/header>\n<div class=\"entry-content\">\n<h3>Bernarda Morin, Chile<\/h3>\n<p><img loading=\"lazy\" decoding=\"async\" class=\"alignleft size-medium wp-image-206\" src=\"http:\/\/www.laprovidenciarecoleta.cl\/escuela\/wp-content\/uploads\/2017\/03\/madreBernarda-222x300.jpg\" sizes=\"(max-width: 222px) 100vw, 222px\" srcset=\"http:\/\/www.laprovidenciarecoleta.cl\/escuela\/wp-content\/uploads\/2017\/03\/madreBernarda-222x300.jpg 222w, http:\/\/www.laprovidenciarecoleta.cl\/escuela\/wp-content\/uploads\/2017\/03\/madreBernarda.jpg 307w\" alt=\"\" width=\"222\" height=\"300\" \/>Venerance Mor\u00edn Rouleau, naci\u00f3 en St. Henri de Lauzon, Quebec, Canad\u00e1. Venerance demostr\u00f3 desde temprana edad, una inteligencia vivaz y un temperamento en\u00e9rgico. Su madre, le ense\u00f1\u00f3 desde peque\u00f1a a armar y a respetar a los pobres.<\/p>\n<p>Siendo novicia tom\u00f3 el nombre de Hermana Bernarda, le comunica a su Director Espiritual lo que para ella es una revelaci\u00f3n de Dios: \u201cT\u00fa no gozar\u00e1s mucho tiempo de la vista y la compa\u00f1\u00eda de estas hermanas. Tu ir\u00e1s a una tierra lejana, donde me has de servir. T\u00fa no profesar\u00e1s en esta casa, y este h\u00e1bito religioso que tanto te gusta se cambiar\u00e1\u201d.<\/p>\n<p>La profesa, Hermana Bernarda integra el primer grupo de misioneras, al oeste americano, llegando a Oreg\u00f3n el 1o de diciembre de 1852, pero para la Providencia, el tiempo no hab\u00eda llegado todav\u00eda. Se presentan miles de inconvenientes. \u00bfC\u00f3mo regresar a Canad\u00e1? Consiguen llegar a California, donde se embarcan en el velero \u201cElena\u201d, que sale el 27 de marzo de 1853 y llegan a Valpara\u00edso, Chile, el 17 de junio de 1853. Las autoridades de la Iglesia y del Gobierno, exclaman: \u201c\u00a1Ellas son las Hermanas de la Caridad que el Se\u00f1or nos env\u00eda!\u201d.<\/p>\n<p>Madre Bernarda empieza su labor fecunda, estableciendo casas de hu\u00e9rfanos y colegios a lo largo de todo Chile. La gente la llama: \u201cModelo de fortaleza y de sublime caridad\u201d. En 1880 es nombrada Superiora General, esto hace que en Chile se establezca una comunidad independiente, con el nombre de Hermanas de la Providencia Chile. El amor y la entrega de la Madre Bernarda por la gente chilena, fueron tan grandes que el Presidente de la Rep\u00fablica de Chile, don Arturo Alessandri Palma, la condecor\u00f3 con la m\u00e1s alta distinci\u00f3n del pa\u00eds, la Medalla al M\u00e9rito, que se conced\u00eda a los extranjeros ilustres y servidores del pa\u00eds. Ella ten\u00eda noventa y tres a\u00f1os.<\/p>\n<\/div>\n<p>[\/vc_column_text][vc_separator][vc_column_text css=&#8221;.vc_custom_1577993475033{padding-right: 10px !important;}&#8221;]<\/p>\n<header class=\"entry-header\"><\/header>\n<div class=\"entry-content\">\n<h3>La identidad del nacimiento del servicio providencia<\/h3>\n<p>En el pasado, las fundadoras se volvieron hacia los m\u00e1s pobres, a los habitantes de las periferias sociales. Hoy, para quienes compartimos la espiritualidad Providencia (religiosas y laicos), los pobres tienen esos rostros antiguos, pero tambi\u00e9n nuevos rostros: son las personas y los grupos que no alcanzan a satisfacer sus necesidades esenciales, las v\u00edctimas de la injusticia especialmente las rechazadas, las marginadas, las sin voz, las carentes de afecto, las que viven lejos de Dios, pero junto a lo anterior, nos surgen nuevas interrogantes: \u00bfQui\u00e9nes son los pobres del siglo XXI? \u00bfCu\u00e1les son las nuevas pobrezas? El mundo globalizado, rico en muchas cosas, es tambi\u00e9n creador de nuevas pobrezas que hieren profundamente la identidad, voluntad y sentido de vida de las personas: competitividad, ego\u00edsmos, soledades, agresividad, intolerancia, falta de alegr\u00eda, exclusiones, brechas escandalosas entre ricos y pobres, posici\u00f3n inferior de la mujer, aborto, falta de respeto por la vida humana, mal manejo de los medios de comunicaci\u00f3n, individualismo, no respeto a la Creaci\u00f3n Divina: medio ambiente libre de contaminantes.<\/p>\n<p>Por eso nuestro desaf\u00edo es estar all\u00ed, donde las necesidades nos llamen siendo el rostro humano de la Providencia, por medio de la compasi\u00f3n y la acci\u00f3n liberadora que encontramos en la oraci\u00f3n y la contemplaci\u00f3n de Mar\u00eda, Nuestra Madre de Dolores, sirviendo en las diversas realidades sociales.<\/p>\n<\/div>\n<p>[\/vc_column_text][vc_separator][vc_column_text css=&#8221;.vc_custom_1577993508507{padding-right: 10px !important;}&#8221;]<\/p>\n<header class=\"entry-header\"><\/header>\n<div class=\"entry-content\">\n<h3>Notas de pertenencia y compromiso social<\/h3>\n<h4><em>Providencia, surge como la iglesia que evangeliza<\/em><\/h4>\n<p>La acci\u00f3n evangelizadora de la Congregaci\u00f3n encarna la proclamaci\u00f3n de los misterios de Dios Padre Providente y la compasi\u00f3n de Mar\u00eda Madre de Dolores, como modelo y gu\u00eda de j\u00f3venes, abiertos a la vida y sensibles ante el sufrimiento humano, que se hace realidad en la caridad compasiva, solidaria, creativa y prof\u00e9tica con los m\u00e1s pobres.<\/p>\n<p>Las Comunidades Educativas Providencia, son lugares de encuentro y acogida, que procuran el crecimiento personal y comunitario en todos quienes la conforman. All\u00ed, religiosas, alumnas, padres, profesores, personal asistente de la educaci\u00f3n, relacionados entre s\u00ed tienden al logro de una formaci\u00f3n integral en un ambiente de fe y cultura.<\/p>\n<\/div>\n<p>[\/vc_column_text][vc_separator][vc_column_text css=&#8221;.vc_custom_1577993540339{padding-right: 10px !important;}&#8221;]<\/p>\n<header class=\"entry-header\"><\/header>\n<div class=\"entry-content\">\n<p>&nbsp;<\/p>\n<h3>Carisma y espiritualidad vigente y actuante<\/h3>\n<p>La espiritualidad Providencia busca primeramente dar testimonio convencido y convincente de vivir y proclamar una actitud de confianza y abandono en el amor infinito que Dios tiene a sus hijos.<\/p>\n<p>Un elemento nutriente de esta confianza es el cultivo de la devoci\u00f3n a Mar\u00eda Dolorosa, reconocerla como gu\u00eda y modelo e imitarla en su dignidad de mujer y en su rol de humanizar la sociedad. El siguiente diagrama sintetiza nuestra Espiritualidad Providencia:<\/p>\n<ul>\n<li>Centrada en Jesucristo,<\/li>\n<li>Que proclama a Dios Padre Providente,<\/li>\n<li>Cercana al dolor humano con Mar\u00eda Dolorosa,<\/li>\n<li>Manifestada en el profetismo de la caridad compasiva y la solidaridad con los pobres.<\/li>\n<\/ul>\n<\/div>\n<p>[\/vc_column_text][\/vc_column][\/vc_row][vc_row disable_element=&#8221;yes&#8221;][vc_column][vc_single_image image=&#8221;3951&#8243; img_size=&#8221;full&#8221; onclick=&#8221;link_image&#8221;][\/vc_column][\/vc_row]<\/p>\n","protected":false},"excerpt":{"rendered":"<p>[vc_row][vc_column width=&#8221;2\/3&#8243;][vc_column_text] Historia de la Escuela Particular San Jos\u00e9 Corr\u00eda la primera d\u00e9cada del siglo pasado, cuando las Hermanas Franciscanas de Santa Ver\u00f3nica de Giuliani inauguran la Escuela N\u00b0115 San Jos\u00e9 de Conchal\u00ed. En aquella \u00e9poca, todo el sector estaba destinado a la agricultura. Exist\u00edan lecher\u00edas y terrenos con cultivos de frutas y verduras. Hab\u00eda muy pocas casas. Por el&nbsp;<a href=\"http:\/\/www.laprovidenciarecoleta.cl\/inicio\/escuela-info\/historia\/\">&hellip;<\/a><\/p>\n","protected":false},"author":2,"featured_media":0,"parent":584,"menu_order":1,"comment_status":"closed","ping_status":"closed","template":"template-sidebar-left-childpages.php","meta":{"footnotes":""},"_links":{"self":[{"href":"http:\/\/www.laprovidenciarecoleta.cl\/inicio\/wp-json\/wp\/v2\/pages\/1028"}],"collection":[{"href":"http:\/\/www.laprovidenciarecoleta.cl\/inicio\/wp-json\/wp\/v2\/pages"}],"about":[{"href":"http:\/\/www.laprovidenciarecoleta.cl\/inicio\/wp-json\/wp\/v2\/types\/page"}],"author":[{"embeddable":true,"href":"http:\/\/www.laprovidenciarecoleta.cl\/inicio\/wp-json\/wp\/v2\/users\/2"}],"replies":[{"embeddable":true,"href":"http:\/\/www.laprovidenciarecoleta.cl\/inicio\/wp-json\/wp\/v2\/comments?post=1028"}],"version-history":[{"count":42,"href":"http:\/\/www.laprovidenciarecoleta.cl\/inicio\/wp-json\/wp\/v2\/pages\/1028\/revisions"}],"predecessor-version":[{"id":13181,"href":"http:\/\/www.laprovidenciarecoleta.cl\/inicio\/wp-json\/wp\/v2\/pages\/1028\/revisions\/13181"}],"up":[{"embeddable":true,"href":"http:\/\/www.laprovidenciarecoleta.cl\/inicio\/wp-json\/wp\/v2\/pages\/584"}],"wp:attachment":[{"href":"http:\/\/www.laprovidenciarecoleta.cl\/inicio\/wp-json\/wp\/v2\/media?parent=1028"}],"curies":[{"name":"wp","href":"https:\/\/api.w.org\/{rel}","templated":true}]}}